{"id":9245,"date":"2021-10-24T03:09:06","date_gmt":"2021-10-24T01:09:06","guid":{"rendered":"https:\/\/caesars.nu\/?page_id=9245"},"modified":"2024-07-17T19:59:14","modified_gmt":"2024-07-17T17:59:14","slug":"integritetspolicy","status":"publish","type":"page","link":"https:\/\/caesars.nu\/en\/integritetspolicy\/","title":{"rendered":"Privacy Policy"},"content":{"rendered":"<div data-elementor-type=\"wp-page\" data-elementor-id=\"9245\" class=\"elementor elementor-9245\" data-elementor-post-type=\"page\">\n\t\t\t\t\t\t<section class=\"elementor-section elementor-top-section elementor-element elementor-element-c5a6567 elementor-section-height-min-height elementor-section-boxed elementor-section-height-default elementor-section-items-middle\" data-id=\"c5a6567\" data-element_type=\"section\" data-e-type=\"section\" data-settings=\"{&quot;background_background&quot;:&quot;classic&quot;,&quot;shape_divider_bottom&quot;:&quot;arrow&quot;,&quot;shape_divider_bottom_negative&quot;:&quot;yes&quot;}\">\n\t\t\t\t\t\t\t<div class=\"elementor-background-overlay\"><\/div>\n\t\t\t\t\t\t<div class=\"elementor-shape elementor-shape-bottom\" aria-hidden=\"true\" data-negative=\"true\">\n\t\t\t<svg xmlns=\"http:\/\/www.w3.org\/2000\/svg\" viewbox=\"0 0 700 10\" preserveaspectratio=\"none\">\n\t<path class=\"elementor-shape-fill\" d=\"M360 0L350 9.9 340 0 0 0 0 10 700 10 700 0\"\/>\n<\/svg>\t\t<\/div>\n\t\t\t\t\t<div class=\"elementor-container elementor-column-gap-default\">\n\t\t\t\t\t<div class=\"elementor-column elementor-col-100 elementor-top-column elementor-element elementor-element-fbdffd5\" data-id=\"fbdffd5\" data-element_type=\"column\" data-e-type=\"column\">\n\t\t\t<div class=\"elementor-widget-wrap elementor-element-populated\">\n\t\t\t\t\t\t<div class=\"elementor-element elementor-element-773ad09 elementor-widget__width-auto elementor-widget elementor-widget-heading\" data-id=\"773ad09\" data-element_type=\"widget\" data-e-type=\"widget\" data-widget_type=\"heading.default\">\n\t\t\t\t<div class=\"elementor-widget-container\">\n\t\t\t\t\t<h2 class=\"elementor-heading-title elementor-size-default\">\u2014 Integritetspolicy \u2014<\/h2>\t\t\t\t<\/div>\n\t\t\t\t<\/div>\n\t\t\t\t<div class=\"elementor-element elementor-element-e5d176d elementor-widget elementor-widget-text-editor\" data-id=\"e5d176d\" data-element_type=\"widget\" data-e-type=\"widget\" data-widget_type=\"text-editor.default\">\n\t\t\t\t<div class=\"elementor-widget-container\">\n\t\t\t\t\t\t\t\t\t<p>L\u00e4s mer om hur vi hanterar dina uppgifter<\/p>\t\t\t\t\t\t\t\t<\/div>\n\t\t\t\t<\/div>\n\t\t\t\t<div class=\"elementor-element elementor-element-16c8bb0 elementor-view-default elementor-widget elementor-widget-icon\" data-id=\"16c8bb0\" data-element_type=\"widget\" data-e-type=\"widget\" data-widget_type=\"icon.default\">\n\t\t\t\t<div class=\"elementor-widget-container\">\n\t\t\t\t\t\t\t<div class=\"elementor-icon-wrapper\">\n\t\t\t<a class=\"elementor-icon\" href=\"#resa\">\n\t\t\t<i aria-hidden=\"true\" class=\"fas fa-chevron-down\"><\/i>\t\t\t<\/a>\n\t\t<\/div>\n\t\t\t\t\t\t<\/div>\n\t\t\t\t<\/div>\n\t\t\t\t\t<\/div>\n\t\t<\/div>\n\t\t\t\t\t<\/div>\n\t\t<\/section>\n\t\t\t\t<section class=\"elementor-section elementor-top-section elementor-element elementor-element-184bd05 elementor-section-height-min-height elementor-section-boxed elementor-section-height-default elementor-section-items-middle\" data-id=\"184bd05\" data-element_type=\"section\" data-e-type=\"section\" data-settings=\"{&quot;background_background&quot;:&quot;classic&quot;}\">\n\t\t\t\t\t\t<div class=\"elementor-container elementor-column-gap-default\">\n\t\t\t\t\t<div class=\"elementor-column elementor-col-100 elementor-top-column elementor-element elementor-element-ab1eb57\" data-id=\"ab1eb57\" data-element_type=\"column\" data-e-type=\"column\">\n\t\t\t<div class=\"elementor-widget-wrap elementor-element-populated\">\n\t\t\t\t\t\t<div class=\"elementor-element elementor-element-7cbe839 elementor-widget elementor-widget-menu-anchor\" data-id=\"7cbe839\" data-element_type=\"widget\" data-e-type=\"widget\" data-widget_type=\"menu-anchor.default\">\n\t\t\t\t<div class=\"elementor-widget-container\">\n\t\t\t\t\t\t\t<div class=\"elementor-menu-anchor\" id=\"resa\"><\/div>\n\t\t\t\t\t\t<\/div>\n\t\t\t\t<\/div>\n\t\t\t\t<div class=\"elementor-element elementor-element-fd9a045 elementor-widget elementor-widget-heading\" data-id=\"fd9a045\" data-element_type=\"widget\" data-e-type=\"widget\" data-widget_type=\"heading.default\">\n\t\t\t\t<div class=\"elementor-widget-container\">\n\t\t\t\t\t<h2 class=\"elementor-heading-title elementor-size-default\">Telge restauranger AB\n<\/h2>\t\t\t\t<\/div>\n\t\t\t\t<\/div>\n\t\t\t\t<div class=\"elementor-element elementor-element-8447780 elementor-widget-divider--view-line elementor-widget elementor-widget-divider\" data-id=\"8447780\" data-element_type=\"widget\" data-e-type=\"widget\" data-widget_type=\"divider.default\">\n\t\t\t\t<div class=\"elementor-widget-container\">\n\t\t\t\t\t\t\t<div class=\"elementor-divider\">\n\t\t\t<span class=\"elementor-divider-separator\">\n\t\t\t\t\t\t<\/span>\n\t\t<\/div>\n\t\t\t\t\t\t<\/div>\n\t\t\t\t<\/div>\n\t\t\t\t<div class=\"elementor-element elementor-element-9be86dc elementor-widget elementor-widget-text-editor\" data-id=\"9be86dc\" data-element_type=\"widget\" data-e-type=\"widget\" data-widget_type=\"text-editor.default\">\n\t\t\t\t<div class=\"elementor-widget-container\">\n\t\t\t\t\t\t\t\t\t<p>Telge restauranger AB (Caesars\/ www.caesars.nu) v\u00e4rnar om s\u00e4kerheten kring era personuppgifter med st\u00f6rsta integritet och h\u00e4nsyn. V\u00e5r webbplats https:\/\/caesars.nu\/ \u00e4r krypterad med HTTPS\/SSL-certifikat. Certifikatet \u00e4r till f\u00f6r att f\u00f6rhindra obeh\u00f6riga personer att se information som skickas mellan servrar. H\u00e4r f\u00f6rklarar vi hur vi samlar in och anv\u00e4nder data f\u00f6r att f\u00f6lja g\u00e4llande lagar och f\u00f6rordningar (GDPR). Informationen p\u00e5 denna sidan kan uppdateras. Denna integritetspolicy uppdaterades 2024-11-10.<\/p>\t\t\t\t\t\t\t\t<\/div>\n\t\t\t\t<\/div>\n\t\t\t\t<div class=\"elementor-element elementor-element-89f1df3 elementor-widget elementor-widget-heading\" data-id=\"89f1df3\" data-element_type=\"widget\" data-e-type=\"widget\" data-widget_type=\"heading.default\">\n\t\t\t\t<div class=\"elementor-widget-container\">\n\t\t\t\t\t<h2 class=\"elementor-heading-title elementor-size-default\">Vilka uppgifter lagrar vi och hur l\u00e4nge\n<\/h2>\t\t\t\t<\/div>\n\t\t\t\t<\/div>\n\t\t\t\t<div class=\"elementor-element elementor-element-169e7e1 elementor-widget elementor-widget-text-editor\" data-id=\"169e7e1\" data-element_type=\"widget\" data-e-type=\"widget\" data-widget_type=\"text-editor.default\">\n\t\t\t\t<div class=\"elementor-widget-container\">\n\t\t\t\t\t\t\t\t\t<p>Uppgifterna som lagras hos oss \u00e4r de f\u00e4lt som respektive formul\u00e4r inneh\u00e5ller. Personuppgifterna samlas in och behandlas i syfte att administrera den \u00e5tg\u00e4rd som du har beg\u00e4rt. Eller enligt vad som kr\u00e4vs enligt lag, och sparas inte l\u00e4ngre \u00e4n vad som kr\u00e4vs f\u00f6r att fullg\u00f6ra detta syfte. Om du l\u00e4mnar dina personuppgifter\/fyller i ett formul\u00e4r till Caesars via denna webbplats samtycker du till behandling av dem, i enlighet med denna policy.<\/p>\t\t\t\t\t\t\t\t<\/div>\n\t\t\t\t<\/div>\n\t\t\t\t<div class=\"elementor-element elementor-element-000de9c elementor-widget elementor-widget-heading\" data-id=\"000de9c\" data-element_type=\"widget\" data-e-type=\"widget\" data-widget_type=\"heading.default\">\n\t\t\t\t<div class=\"elementor-widget-container\">\n\t\t\t\t\t<h2 class=\"elementor-heading-title elementor-size-default\">\u00c4ndam\u00e5let med insamlingen\n<\/h2>\t\t\t\t<\/div>\n\t\t\t\t<\/div>\n\t\t\t\t<div class=\"elementor-element elementor-element-5a5cdd5 elementor-widget elementor-widget-text-editor\" data-id=\"5a5cdd5\" data-element_type=\"widget\" data-e-type=\"widget\" data-widget_type=\"text-editor.default\">\n\t\t\t\t<div class=\"elementor-widget-container\">\n\t\t\t\t\t\t\t\t\t<p>Vi samlar in uppgifter f\u00f6r att ta kontakt, uppr\u00e4tta och \/ eller bibeh\u00e5lla en aff\u00e4rsrelation eller f\u00f6rfr\u00e5gan.<\/p>\t\t\t\t\t\t\t\t<\/div>\n\t\t\t\t<\/div>\n\t\t\t\t<div class=\"elementor-element elementor-element-c34f5ce elementor-widget elementor-widget-heading\" data-id=\"c34f5ce\" data-element_type=\"widget\" data-e-type=\"widget\" data-widget_type=\"heading.default\">\n\t\t\t\t<div class=\"elementor-widget-container\">\n\t\t\t\t\t<h2 class=\"elementor-heading-title elementor-size-default\">Information om Cookies\n<\/h2>\t\t\t\t<\/div>\n\t\t\t\t<\/div>\n\t\t\t\t<div class=\"elementor-element elementor-element-0610422 elementor-widget elementor-widget-text-editor\" data-id=\"0610422\" data-element_type=\"widget\" data-e-type=\"widget\" data-widget_type=\"text-editor.default\">\n\t\t\t\t<div class=\"elementor-widget-container\">\n\t\t\t\t\t\t\t\t\t<p>Enligt lag om elektronisk information ska bes\u00f6kare p\u00e5 en webbplats i integritetssyfte f\u00e5 information om att cookies anv\u00e4nds. Informationen i cookien \u00e4r m\u00f6jlig att anv\u00e4nda f\u00f6r att f\u00f6lja en anv\u00e4ndares surfande. Cookie \u00e4r en liten textfil som webbplatsen du bes\u00f6ker beg\u00e4r att f\u00e5 spara p\u00e5 din dator f\u00f6r att ge tillg\u00e5ng till olika funktioner. Det g\u00e5r att st\u00e4lla in sin webbl\u00e4sare s\u00e5 att den automatiskt nekar cookies. Mer information kan man hitta p\u00e5 Post och telestyrelsens hemsida.<\/p>\t\t\t\t\t\t\t\t<\/div>\n\t\t\t\t<\/div>\n\t\t\t\t<div class=\"elementor-element elementor-element-4b09535 elementor-widget elementor-widget-heading\" data-id=\"4b09535\" data-element_type=\"widget\" data-e-type=\"widget\" data-widget_type=\"heading.default\">\n\t\t\t\t<div class=\"elementor-widget-container\">\n\t\t\t\t\t<h2 class=\"elementor-heading-title elementor-size-default\">\u00c4ndring\/radering och r\u00e4tt till information om personuppgifter\n\n<\/h2>\t\t\t\t<\/div>\n\t\t\t\t<\/div>\n\t\t\t\t<div class=\"elementor-element elementor-element-b5673b3 elementor-widget elementor-widget-text-editor\" data-id=\"b5673b3\" data-element_type=\"widget\" data-e-type=\"widget\" data-widget_type=\"text-editor.default\">\n\t\t\t\t<div class=\"elementor-widget-container\">\n\t\t\t\t\t\t\t\t\t<section data-id=\"51bfd55\" data-element_type=\"section\" data-settings=\"{\"><div><div><div data-id=\"94406e9\" data-element_type=\"column\"><div><div><div data-id=\"7464370\" data-element_type=\"widget\" data-widget_type=\"text-editor.default\"><div><div><p>Du har alltid m\u00f6jlighet och r\u00e4tt till att beg\u00e4ra tillkomst till den information vi har lagrad. Du har \u00e4ven r\u00e4tt att beg\u00e4ra \u00e4ndring eller radering av dina uppgifter. F\u00f6r att g\u00f6ra detta kontaktar du oss via mail. N\u00e4r du \u00e4r kund hos oss beh\u00f6ver vi alltid dina uppgifter f\u00f6r att kunna fullf\u00f6lja v\u00e5rt samarbete.<\/p><\/div><\/div><\/div><\/div><\/div><\/div><\/div><\/div><\/section><section data-id=\"fed864e\" data-element_type=\"section\" data-settings=\"{\"><div><div><div data-id=\"d7084c9\" data-element_type=\"column\"><div><div><div data-id=\"e1780d9\" data-element_type=\"widget\" data-widget_type=\"heading.default\"><div>\u00a0<\/div><\/div><\/div><\/div><\/div><\/div><\/div><\/section>\t\t\t\t\t\t\t\t<\/div>\n\t\t\t\t<\/div>\n\t\t\t\t<div class=\"elementor-element elementor-element-572f34e elementor-widget elementor-widget-heading\" data-id=\"572f34e\" data-element_type=\"widget\" data-e-type=\"widget\" data-widget_type=\"heading.default\">\n\t\t\t\t<div class=\"elementor-widget-container\">\n\t\t\t\t\t<h2 class=\"elementor-heading-title elementor-size-default\">\u00c4ndringar till de Allm\u00e4nna Villkoren\n<\/h2>\t\t\t\t<\/div>\n\t\t\t\t<\/div>\n\t\t\t\t<div class=\"elementor-element elementor-element-2329e65 elementor-widget elementor-widget-text-editor\" data-id=\"2329e65\" data-element_type=\"widget\" data-e-type=\"widget\" data-widget_type=\"text-editor.default\">\n\t\t\t\t<div class=\"elementor-widget-container\">\n\t\t\t\t\t\t\t\t\t<section data-id=\"fed864e\" data-element_type=\"section\" data-settings=\"{\"><div><div><div data-id=\"d7084c9\" data-element_type=\"column\"><div><div><div data-id=\"cfa647f\" data-element_type=\"widget\" data-widget_type=\"text-editor.default\"><div><div><p>Vi f\u00f6rbeh\u00e5ller oss r\u00e4tten att n\u00e4r som helst f\u00f6reta \u00e4ndringar i villkoren. \u00c4ndringar av villkoren kommer att publiceras online p\u00e5 webbplatsen. De \u00e4ndrade villkoren anses f\u00f6r accepterade i samband med order eller bes\u00f6k p\u00e5 webbplatsen.<\/p><\/div><\/div><\/div><\/div><\/div><\/div><\/div><\/div><\/section>\t\t\t\t\t\t\t\t<\/div>\n\t\t\t\t<\/div>\n\t\t\t\t<div class=\"elementor-element elementor-element-c3f92f2 elementor-widget elementor-widget-heading\" data-id=\"c3f92f2\" data-element_type=\"widget\" data-e-type=\"widget\" data-widget_type=\"heading.default\">\n\t\t\t\t<div class=\"elementor-widget-container\">\n\t\t\t\t\t<h2 class=\"elementor-heading-title elementor-size-default\">Delning av data till tredje part\n<\/h2>\t\t\t\t<\/div>\n\t\t\t\t<\/div>\n\t\t\t\t<div class=\"elementor-element elementor-element-94a4e32 elementor-widget elementor-widget-text-editor\" data-id=\"94a4e32\" data-element_type=\"widget\" data-e-type=\"widget\" data-widget_type=\"text-editor.default\">\n\t\t\t\t<div class=\"elementor-widget-container\">\n\t\t\t\t\t\t\t\t\t<section data-id=\"fed864e\" data-element_type=\"section\" data-settings=\"{\">\n<div data-id=\"d7084c9\" data-element_type=\"column\">\n<div data-id=\"cfa647f\" data-element_type=\"widget\" data-widget_type=\"text-editor.default\">\n<p>Caesars kan, i vissa fall vidarebefordra dina personuppgifter till tredje part och partners om det anses n\u00f6dv\u00e4ndigt f\u00f6r att fullf\u00f6lja din beg\u00e4ran av v\u00e5ra tj\u00e4nster. Dina personuppgifter lagras endast under den period som \u00e4r n\u00f6dv\u00e4ndig med h\u00e4nsyn till \u00e4ndam\u00e5let med behandlingen, s\u00e5vida inte annat framg\u00e5r av denna policy. Informationen kommer att tilldelas Caesars bokningssystems leverant\u00f6r f\u00f6r att fullf\u00f6lja din beg\u00e4ran om bokningsf\u00f6rfr\u00e5gan.<\/p>\n<\/div>\n<\/div>\n<\/section>\t\t\t\t\t\t\t\t<\/div>\n\t\t\t\t<\/div>\n\t\t\t\t\t<\/div>\n\t\t<\/div>\n\t\t\t\t\t<\/div>\n\t\t<\/section>\n\t\t\t\t<\/div>","protected":false},"excerpt":{"rendered":"<p>\u2014 Integritetspolicy \u2014 L\u00e4s mer om hur vi hanterar dina uppgifter Telge restauranger AB Telge restauranger AB (Caesars\/ www.caesars.nu) v\u00e4rnar om s\u00e4kerheten kring era personuppgifter med st\u00f6rsta integritet och h\u00e4nsyn. V\u00e5r webbplats https:\/\/caesars.nu\/ \u00e4r krypterad med HTTPS\/SSL-certifikat. Certifikatet \u00e4r till f\u00f6r att f\u00f6rhindra obeh\u00f6riga personer att se information som skickas mellan servrar. H\u00e4r f\u00f6rklarar vi [&hellip;]<\/p>\n","protected":false},"author":4,"featured_media":21529,"parent":0,"menu_order":0,"comment_status":"closed","ping_status":"closed","template":"elementor_header_footer","meta":{"footnotes":""},"class_list":["post-9245","page","type-page","status-publish","has-post-thumbnail","hentry"],"yoast_head":"<!-- This site is optimized with the Yoast SEO plugin v26.9 - https:\/\/yoast.com\/product\/yoast-seo-wordpress\/ -->\n<title>Integritetspolicy - Caesar&#039;s American &amp; Italian Kitchen<\/title>\n<meta name=\"description\" content=\"Telge restauranger AB (Caesars\/ www.caesars.nu) v\u00e4rnar om s\u00e4kerheten kring era personuppgifter med st\u00f6rsta integritet och h\u00e4nsyn.\" \/>\n<meta name=\"robots\" content=\"index, follow, max-snippet:-1, max-image-preview:large, max-video-preview:-1\" \/>\n<link rel=\"canonical\" href=\"https:\/\/caesars.nu\/en\/integritetspolicy\/\" \/>\n<meta property=\"og:locale\" content=\"en_GB\" \/>\n<meta property=\"og:type\" content=\"article\" \/>\n<meta property=\"og:title\" content=\"V\u00e5r integritetspolicy\" \/>\n<meta property=\"og:description\" content=\"Telge restauranger AB (Caesars\/ www.caesars.nu) v\u00e4rnar om s\u00e4kerheten kring era personuppgifter med st\u00f6rsta integritet och h\u00e4nsyn.\" \/>\n<meta property=\"og:url\" content=\"https:\/\/caesars.nu\/en\/integritetspolicy\/\" \/>\n<meta property=\"og:site_name\" content=\"Caesar&#039;s American &amp; Italian Kitchen\" \/>\n<meta property=\"article:publisher\" content=\"https:\/\/sv-se.facebook.com\/CaesarsAmericanItalianKitchen\/\" \/>\n<meta property=\"article:modified_time\" content=\"2024-07-17T17:59:14+00:00\" \/>\n<meta property=\"og:image\" content=\"https:\/\/caesars.nu\/wp-content\/uploads\/2024\/07\/Caesars.png\" \/>\n\t<meta property=\"og:image:width\" content=\"350\" \/>\n\t<meta property=\"og:image:height\" content=\"208\" \/>\n\t<meta property=\"og:image:type\" content=\"image\/png\" \/>\n<meta name=\"twitter:card\" content=\"summary_large_image\" \/>\n<meta name=\"twitter:title\" content=\"V\u00e5r integritetspolicy\" \/>\n<meta name=\"twitter:description\" content=\"Telge restauranger AB (Caesars\/ www.caesars.nu) v\u00e4rnar om s\u00e4kerheten kring era personuppgifter med st\u00f6rsta integritet och h\u00e4nsyn.\" \/>\n<meta name=\"twitter:image\" content=\"https:\/\/caesars.nu\/wp-content\/uploads\/2024\/07\/Caesars.png\" \/>\n<meta name=\"twitter:label1\" content=\"Estimated reading time\" \/>\n\t<meta name=\"twitter:data1\" content=\"3 minutes\" \/>\n<script type=\"application\/ld+json\" class=\"yoast-schema-graph\">{\"@context\":\"https:\/\/schema.org\",\"@graph\":[{\"@type\":\"WebPage\",\"@id\":\"https:\/\/caesars.nu\/integritetspolicy\/\",\"url\":\"https:\/\/caesars.nu\/integritetspolicy\/\",\"name\":\"Integritetspolicy - Caesar&#039;s American &amp; Italian Kitchen\",\"isPartOf\":{\"@id\":\"https:\/\/caesars.nu\/#website\"},\"primaryImageOfPage\":{\"@id\":\"https:\/\/caesars.nu\/integritetspolicy\/#primaryimage\"},\"image\":{\"@id\":\"https:\/\/caesars.nu\/integritetspolicy\/#primaryimage\"},\"thumbnailUrl\":\"https:\/\/caesars.nu\/wp-content\/uploads\/2024\/07\/Caesars.png\",\"datePublished\":\"2021-10-24T01:09:06+00:00\",\"dateModified\":\"2024-07-17T17:59:14+00:00\",\"description\":\"Telge restauranger AB (Caesars\/ www.caesars.nu) v\u00e4rnar om s\u00e4kerheten kring era personuppgifter med st\u00f6rsta integritet och h\u00e4nsyn.\",\"breadcrumb\":{\"@id\":\"https:\/\/caesars.nu\/integritetspolicy\/#breadcrumb\"},\"inLanguage\":\"en-GB\",\"potentialAction\":[{\"@type\":\"ReadAction\",\"target\":[\"https:\/\/caesars.nu\/integritetspolicy\/\"]}]},{\"@type\":\"ImageObject\",\"inLanguage\":\"en-GB\",\"@id\":\"https:\/\/caesars.nu\/integritetspolicy\/#primaryimage\",\"url\":\"https:\/\/caesars.nu\/wp-content\/uploads\/2024\/07\/Caesars.png\",\"contentUrl\":\"https:\/\/caesars.nu\/wp-content\/uploads\/2024\/07\/Caesars.png\",\"width\":350,\"height\":208,\"caption\":\"Caesars Social\"},{\"@type\":\"BreadcrumbList\",\"@id\":\"https:\/\/caesars.nu\/integritetspolicy\/#breadcrumb\",\"itemListElement\":[{\"@type\":\"ListItem\",\"position\":1,\"name\":\"Hem\",\"item\":\"https:\/\/caesars.nu\/\"},{\"@type\":\"ListItem\",\"position\":2,\"name\":\"Integritetspolicy\"}]},{\"@type\":\"WebSite\",\"@id\":\"https:\/\/caesars.nu\/#website\",\"url\":\"https:\/\/caesars.nu\/\",\"name\":\"Caesar&#039;s American &amp; Italian Kitchen\",\"description\":\"Mat som passar hela familjen\",\"potentialAction\":[{\"@type\":\"SearchAction\",\"target\":{\"@type\":\"EntryPoint\",\"urlTemplate\":\"https:\/\/caesars.nu\/?s={search_term_string}\"},\"query-input\":{\"@type\":\"PropertyValueSpecification\",\"valueRequired\":true,\"valueName\":\"search_term_string\"}}],\"inLanguage\":\"en-GB\"}]}<\/script>\n<!-- \/ Yoast SEO plugin. -->","yoast_head_json":{"title":"Integritetspolicy - Caesar&#039;s American &amp; Italian Kitchen","description":"Telge restauranger AB (Caesars\/ www.caesars.nu) v\u00e4rnar om s\u00e4kerheten kring era personuppgifter med st\u00f6rsta integritet och h\u00e4nsyn.","robots":{"index":"index","follow":"follow","max-snippet":"max-snippet:-1","max-image-preview":"max-image-preview:large","max-video-preview":"max-video-preview:-1"},"canonical":"https:\/\/caesars.nu\/en\/integritetspolicy\/","og_locale":"en_GB","og_type":"article","og_title":"V\u00e5r integritetspolicy","og_description":"Telge restauranger AB (Caesars\/ www.caesars.nu) v\u00e4rnar om s\u00e4kerheten kring era personuppgifter med st\u00f6rsta integritet och h\u00e4nsyn.","og_url":"https:\/\/caesars.nu\/en\/integritetspolicy\/","og_site_name":"Caesar&#039;s American &amp; Italian Kitchen","article_publisher":"https:\/\/sv-se.facebook.com\/CaesarsAmericanItalianKitchen\/","article_modified_time":"2024-07-17T17:59:14+00:00","og_image":[{"width":350,"height":208,"url":"https:\/\/caesars.nu\/wp-content\/uploads\/2024\/07\/Caesars.png","type":"image\/png"}],"twitter_card":"summary_large_image","twitter_title":"V\u00e5r integritetspolicy","twitter_description":"Telge restauranger AB (Caesars\/ www.caesars.nu) v\u00e4rnar om s\u00e4kerheten kring era personuppgifter med st\u00f6rsta integritet och h\u00e4nsyn.","twitter_image":"https:\/\/caesars.nu\/wp-content\/uploads\/2024\/07\/Caesars.png","twitter_misc":{"Estimated reading time":"3 minutes"},"schema":{"@context":"https:\/\/schema.org","@graph":[{"@type":"WebPage","@id":"https:\/\/caesars.nu\/integritetspolicy\/","url":"https:\/\/caesars.nu\/integritetspolicy\/","name":"Integritetspolicy - Caesar&#039;s American &amp; Italian Kitchen","isPartOf":{"@id":"https:\/\/caesars.nu\/#website"},"primaryImageOfPage":{"@id":"https:\/\/caesars.nu\/integritetspolicy\/#primaryimage"},"image":{"@id":"https:\/\/caesars.nu\/integritetspolicy\/#primaryimage"},"thumbnailUrl":"https:\/\/caesars.nu\/wp-content\/uploads\/2024\/07\/Caesars.png","datePublished":"2021-10-24T01:09:06+00:00","dateModified":"2024-07-17T17:59:14+00:00","description":"Telge restauranger AB (Caesars\/ www.caesars.nu) v\u00e4rnar om s\u00e4kerheten kring era personuppgifter med st\u00f6rsta integritet och h\u00e4nsyn.","breadcrumb":{"@id":"https:\/\/caesars.nu\/integritetspolicy\/#breadcrumb"},"inLanguage":"en-GB","potentialAction":[{"@type":"ReadAction","target":["https:\/\/caesars.nu\/integritetspolicy\/"]}]},{"@type":"ImageObject","inLanguage":"en-GB","@id":"https:\/\/caesars.nu\/integritetspolicy\/#primaryimage","url":"https:\/\/caesars.nu\/wp-content\/uploads\/2024\/07\/Caesars.png","contentUrl":"https:\/\/caesars.nu\/wp-content\/uploads\/2024\/07\/Caesars.png","width":350,"height":208,"caption":"Caesars Social"},{"@type":"BreadcrumbList","@id":"https:\/\/caesars.nu\/integritetspolicy\/#breadcrumb","itemListElement":[{"@type":"ListItem","position":1,"name":"Hem","item":"https:\/\/caesars.nu\/"},{"@type":"ListItem","position":2,"name":"Integritetspolicy"}]},{"@type":"WebSite","@id":"https:\/\/caesars.nu\/#website","url":"https:\/\/caesars.nu\/","name":"Caesar&#039;s American &amp; Italian Kitchen","description":"Mat som passar hela familjen","potentialAction":[{"@type":"SearchAction","target":{"@type":"EntryPoint","urlTemplate":"https:\/\/caesars.nu\/?s={search_term_string}"},"query-input":{"@type":"PropertyValueSpecification","valueRequired":true,"valueName":"search_term_string"}}],"inLanguage":"en-GB"}]}},"_links":{"self":[{"href":"https:\/\/caesars.nu\/en\/wp-json\/wp\/v2\/pages\/9245","targetHints":{"allow":["GET"]}}],"collection":[{"href":"https:\/\/caesars.nu\/en\/wp-json\/wp\/v2\/pages"}],"about":[{"href":"https:\/\/caesars.nu\/en\/wp-json\/wp\/v2\/types\/page"}],"author":[{"embeddable":true,"href":"https:\/\/caesars.nu\/en\/wp-json\/wp\/v2\/users\/4"}],"replies":[{"embeddable":true,"href":"https:\/\/caesars.nu\/en\/wp-json\/wp\/v2\/comments?post=9245"}],"version-history":[{"count":26,"href":"https:\/\/caesars.nu\/en\/wp-json\/wp\/v2\/pages\/9245\/revisions"}],"predecessor-version":[{"id":21544,"href":"https:\/\/caesars.nu\/en\/wp-json\/wp\/v2\/pages\/9245\/revisions\/21544"}],"wp:featuredmedia":[{"embeddable":true,"href":"https:\/\/caesars.nu\/en\/wp-json\/wp\/v2\/media\/21529"}],"wp:attachment":[{"href":"https:\/\/caesars.nu\/en\/wp-json\/wp\/v2\/media?parent=9245"}],"curies":[{"name":"wp","href":"https:\/\/api.w.org\/{rel}","templated":true}]}}