{"id":9109,"date":"2021-10-16T16:38:16","date_gmt":"2021-10-16T14:38:16","guid":{"rendered":"https:\/\/caesars.nu\/?page_id=9109"},"modified":"2026-02-12T23:06:15","modified_gmt":"2026-02-12T22:06:15","slug":"carte","status":"publish","type":"page","link":"https:\/\/caesars.nu\/en\/carte\/","title":{"rendered":"Cart\u00e9"},"content":{"rendered":"<div data-elementor-type=\"wp-page\" data-elementor-id=\"9109\" class=\"elementor elementor-9109\" data-elementor-post-type=\"page\">\n\t\t\t\t\t\t<section class=\"elementor-section elementor-top-section elementor-element elementor-element-2b095bb elementor-section-height-full elementor-section-boxed elementor-section-height-default elementor-section-items-middle\" data-id=\"2b095bb\" data-element_type=\"section\" data-e-type=\"section\" data-settings=\"{&quot;background_background&quot;:&quot;classic&quot;}\">\n\t\t\t\t\t\t\t<div class=\"elementor-background-overlay\"><\/div>\n\t\t\t\t\t\t\t<div class=\"elementor-container elementor-column-gap-default\">\n\t\t\t\t\t<div class=\"elementor-column elementor-col-100 elementor-top-column elementor-element elementor-element-ee64b69\" data-id=\"ee64b69\" data-element_type=\"column\" data-e-type=\"column\">\n\t\t\t<div class=\"elementor-widget-wrap elementor-element-populated\">\n\t\t\t\t\t\t<div class=\"elementor-element elementor-element-8b105de elementor-widget elementor-widget-heading\" data-id=\"8b105de\" data-element_type=\"widget\" data-e-type=\"widget\" data-widget_type=\"heading.default\">\n\t\t\t\t<div class=\"elementor-widget-container\">\n\t\t\t\t\t<h1 class=\"elementor-heading-title elementor-size-default\">V\u00e5ran  Ala carte meny<\/h1>\t\t\t\t<\/div>\n\t\t\t\t<\/div>\n\t\t\t\t<div class=\"elementor-element elementor-element-574b022 elementor-widget-divider--view-line elementor-widget elementor-widget-divider\" data-id=\"574b022\" data-element_type=\"widget\" data-e-type=\"widget\" data-widget_type=\"divider.default\">\n\t\t\t\t<div class=\"elementor-widget-container\">\n\t\t\t\t\t\t\t<div class=\"elementor-divider\">\n\t\t\t<span class=\"elementor-divider-separator\">\n\t\t\t\t\t\t<\/span>\n\t\t<\/div>\n\t\t\t\t\t\t<\/div>\n\t\t\t\t<\/div>\n\t\t\t\t<div class=\"elementor-element elementor-element-e1ae479 elementor-widget elementor-widget-text-editor\" data-id=\"e1ae479\" data-element_type=\"widget\" data-e-type=\"widget\" data-widget_type=\"text-editor.default\">\n\t\t\t\t<div class=\"elementor-widget-container\">\n\t\t\t\t\t\t\t\t\t<p>Below you will find as a guest the times our ala carte menu is served, click the button below to open the menu or download it.<\/p>\t\t\t\t\t\t\t\t<\/div>\n\t\t\t\t<\/div>\n\t\t\t\t<div class=\"elementor-element elementor-element-96ef3f7 elementor-widget elementor-widget-heading\" data-id=\"96ef3f7\" data-element_type=\"widget\" data-e-type=\"widget\" data-widget_type=\"heading.default\">\n\t\t\t\t<div class=\"elementor-widget-container\">\n\t\t\t\t\t<h2 class=\"elementor-heading-title elementor-size-default\">Opening hours<\/h2>\t\t\t\t<\/div>\n\t\t\t\t<\/div>\n\t\t\t\t<div class=\"elementor-element elementor-element-3307927 elementor-widget elementor-widget-text-editor\" data-id=\"3307927\" data-element_type=\"widget\" data-e-type=\"widget\" data-widget_type=\"text-editor.default\">\n\t\t\t\t<div class=\"elementor-widget-container\">\n\t\t\t\t\t\t\t\t\t<p><strong>The ala carte menu applies to:<\/strong><\/p>\t\t\t\t\t\t\t\t<\/div>\n\t\t\t\t<\/div>\n\t\t\t\t<div class=\"elementor-element elementor-element-2033523 elementor-list-item-link-inline elementor-align-center elementor-icon-list--layout-traditional elementor-widget elementor-widget-icon-list\" data-id=\"2033523\" data-element_type=\"widget\" data-e-type=\"widget\" data-widget_type=\"icon-list.default\">\n\t\t\t\t<div class=\"elementor-widget-container\">\n\t\t\t\t\t\t\t<ul class=\"elementor-icon-list-items\">\n\t\t\t\t\t\t\t<li class=\"elementor-icon-list-item\">\n\t\t\t\t\t\t\t\t\t\t<span class=\"elementor-icon-list-text\">Mon-Thurs 15-23: 00<\/span>\n\t\t\t\t\t\t\t\t\t<\/li>\n\t\t\t\t\t\t\t\t<li class=\"elementor-icon-list-item\">\n\t\t\t\t\t\t\t\t\t\t<span class=\"elementor-icon-list-text\">Fridays 15-24: 00<\/span>\n\t\t\t\t\t\t\t\t\t<\/li>\n\t\t\t\t\t\t\t\t<li class=\"elementor-icon-list-item\">\n\t\t\t\t\t\t\t\t\t\t<span class=\"elementor-icon-list-text\">Saturdays 11.30-24: 00<\/span>\n\t\t\t\t\t\t\t\t\t<\/li>\n\t\t\t\t\t\t\t\t<li class=\"elementor-icon-list-item\">\n\t\t\t\t\t\t\t\t\t\t<span class=\"elementor-icon-list-text\">Sundays 11.30-24: 00<\/span>\n\t\t\t\t\t\t\t\t\t<\/li>\n\t\t\t\t\t\t<\/ul>\n\t\t\t\t\t\t<\/div>\n\t\t\t\t<\/div>\n\t\t\t\t<div class=\"elementor-element elementor-element-a8a7e89 elementor-align-center elementor-tablet-align-center elementor-widget__width-auto elementor-widget elementor-widget-button\" data-id=\"a8a7e89\" data-element_type=\"widget\" data-e-type=\"widget\" data-widget_type=\"button.default\">\n\t\t\t\t<div class=\"elementor-widget-container\">\n\t\t\t\t\t\t\t\t\t<div class=\"elementor-button-wrapper\">\n\t\t\t\t\t<a class=\"elementor-button elementor-button-link elementor-size-sm\" href=\"https:\/\/caesars.nu\/wp-content\/uploads\/2026\/02\/Caesars-Meny-2026.pdf\" target=\"_blank\">\n\t\t\t\t\t\t<span class=\"elementor-button-content-wrapper\">\n\t\t\t\t\t\t\t\t\t<span class=\"elementor-button-text\">Open menu<\/span>\n\t\t\t\t\t<\/span>\n\t\t\t\t\t<\/a>\n\t\t\t\t<\/div>\n\t\t\t\t\t\t\t\t<\/div>\n\t\t\t\t<\/div>\n\t\t\t\t<div class=\"elementor-element elementor-element-5b6857f elementor-align-center elementor-tablet-align-center elementor-widget__width-auto elementor-widget elementor-widget-button\" data-id=\"5b6857f\" data-element_type=\"widget\" data-e-type=\"widget\" data-widget_type=\"button.default\">\n\t\t\t\t<div class=\"elementor-widget-container\">\n\t\t\t\t\t\t\t\t\t<div class=\"elementor-button-wrapper\">\n\t\t\t\t\t<a class=\"elementor-button elementor-button-link elementor-size-sm\" href=\"https:\/\/caesars.nu\/wp-content\/uploads\/2026\/02\/Caesars-Meny-2026.pdf\" rel=\"nofollow\" download=\"Caesars-Meny.pdf\">\n\t\t\t\t\t\t<span class=\"elementor-button-content-wrapper\">\n\t\t\t\t\t\t\t\t\t<span class=\"elementor-button-text\">Download menu<\/span>\n\t\t\t\t\t<\/span>\n\t\t\t\t\t<\/a>\n\t\t\t\t<\/div>\n\t\t\t\t\t\t\t\t<\/div>\n\t\t\t\t<\/div>\n\t\t\t\t\t<\/div>\n\t\t<\/div>\n\t\t\t\t\t<\/div>\n\t\t<\/section>\n\t\t\t\t<\/div>","protected":false},"excerpt":{"rendered":"<p>V\u00e5ran Ala carte meny Nedan hittar du som g\u00e4st tiderna v\u00e5r ala carte meny serveras, klicka p\u00e5 knappen nedan f\u00f6r att \u00f6ppna menyn eller ladda ner den. \u00d6ppettider Ala carte menyn g\u00e4ller: M\u00e5n-tors 15-23:00 Fredagar 15-24:00 L\u00f6rdagar 11.30-24:00 S\u00f6ndagar 11.30-24:00 \u00d6ppna meny Ladda ner meny<\/p>","protected":false},"author":4,"featured_media":21529,"parent":0,"menu_order":0,"comment_status":"closed","ping_status":"closed","template":"elementor_header_footer","meta":{"footnotes":""},"class_list":["post-9109","page","type-page","status-publish","has-post-thumbnail","hentry"],"yoast_head":"<!-- This site is optimized with the Yoast SEO plugin v26.9 - https:\/\/yoast.com\/product\/yoast-seo-wordpress\/ -->\n<title>Cart\u00e9 - Caesar&#039;s American &amp; Italian Kitchen<\/title>\n<meta name=\"robots\" content=\"index, follow, max-snippet:-1, max-image-preview:large, max-video-preview:-1\" \/>\n<link rel=\"canonical\" href=\"https:\/\/caesars.nu\/en\/carte\/\" \/>\n<meta property=\"og:locale\" content=\"en_GB\" \/>\n<meta property=\"og:type\" content=\"article\" \/>\n<meta property=\"og:title\" content=\"Cart\u00e9 - Caesar&#039;s American &amp; Italian Kitchen\" \/>\n<meta property=\"og:description\" content=\"V\u00e5ran Ala carte meny Nedan hittar du som g\u00e4st tiderna v\u00e5r ala carte meny serveras, klicka p\u00e5 knappen nedan f\u00f6r att \u00f6ppna menyn eller ladda ner den. \u00d6ppettider Ala carte menyn g\u00e4ller: M\u00e5n-tors 15-23:00 Fredagar 15-24:00 L\u00f6rdagar 11.30-24:00 S\u00f6ndagar 11.30-24:00 \u00d6ppna meny Ladda ner meny\" \/>\n<meta property=\"og:url\" content=\"https:\/\/caesars.nu\/en\/carte\/\" \/>\n<meta property=\"og:site_name\" content=\"Caesar&#039;s American &amp; Italian Kitchen\" \/>\n<meta property=\"article:publisher\" content=\"https:\/\/sv-se.facebook.com\/CaesarsAmericanItalianKitchen\/\" \/>\n<meta property=\"article:modified_time\" content=\"2026-02-12T22:06:15+00:00\" \/>\n<meta property=\"og:image\" content=\"https:\/\/caesars.nu\/wp-content\/uploads\/2024\/07\/Caesars.png\" \/>\n\t<meta property=\"og:image:width\" content=\"350\" \/>\n\t<meta property=\"og:image:height\" content=\"208\" \/>\n\t<meta property=\"og:image:type\" content=\"image\/png\" \/>\n<meta name=\"twitter:card\" content=\"summary_large_image\" \/>\n<meta name=\"twitter:label1\" content=\"Estimated reading time\" \/>\n\t<meta name=\"twitter:data1\" content=\"1 minute\" \/>\n<script type=\"application\/ld+json\" class=\"yoast-schema-graph\">{\"@context\":\"https:\/\/schema.org\",\"@graph\":[{\"@type\":\"WebPage\",\"@id\":\"https:\/\/caesars.nu\/carte\/\",\"url\":\"https:\/\/caesars.nu\/carte\/\",\"name\":\"Cart\u00e9 - Caesar&#039;s American &amp; Italian Kitchen\",\"isPartOf\":{\"@id\":\"https:\/\/caesars.nu\/#website\"},\"primaryImageOfPage\":{\"@id\":\"https:\/\/caesars.nu\/carte\/#primaryimage\"},\"image\":{\"@id\":\"https:\/\/caesars.nu\/carte\/#primaryimage\"},\"thumbnailUrl\":\"https:\/\/caesars.nu\/wp-content\/uploads\/2024\/07\/Caesars.png\",\"datePublished\":\"2021-10-16T14:38:16+00:00\",\"dateModified\":\"2026-02-12T22:06:15+00:00\",\"breadcrumb\":{\"@id\":\"https:\/\/caesars.nu\/carte\/#breadcrumb\"},\"inLanguage\":\"en-GB\",\"potentialAction\":[{\"@type\":\"ReadAction\",\"target\":[\"https:\/\/caesars.nu\/carte\/\"]}]},{\"@type\":\"ImageObject\",\"inLanguage\":\"en-GB\",\"@id\":\"https:\/\/caesars.nu\/carte\/#primaryimage\",\"url\":\"https:\/\/caesars.nu\/wp-content\/uploads\/2024\/07\/Caesars.png\",\"contentUrl\":\"https:\/\/caesars.nu\/wp-content\/uploads\/2024\/07\/Caesars.png\",\"width\":350,\"height\":208,\"caption\":\"Caesars Social\"},{\"@type\":\"BreadcrumbList\",\"@id\":\"https:\/\/caesars.nu\/carte\/#breadcrumb\",\"itemListElement\":[{\"@type\":\"ListItem\",\"position\":1,\"name\":\"Hem\",\"item\":\"https:\/\/caesars.nu\/\"},{\"@type\":\"ListItem\",\"position\":2,\"name\":\"Cart\u00e9\"}]},{\"@type\":\"WebSite\",\"@id\":\"https:\/\/caesars.nu\/#website\",\"url\":\"https:\/\/caesars.nu\/\",\"name\":\"Caesar&#039;s American &amp; Italian Kitchen\",\"description\":\"Mat som passar hela familjen\",\"potentialAction\":[{\"@type\":\"SearchAction\",\"target\":{\"@type\":\"EntryPoint\",\"urlTemplate\":\"https:\/\/caesars.nu\/?s={search_term_string}\"},\"query-input\":{\"@type\":\"PropertyValueSpecification\",\"valueRequired\":true,\"valueName\":\"search_term_string\"}}],\"inLanguage\":\"en-GB\"}]}<\/script>\n<!-- \/ Yoast SEO plugin. -->","yoast_head_json":{"title":"Cart\u00e9 - Caesar&#039;s American &amp; Italian Kitchen","robots":{"index":"index","follow":"follow","max-snippet":"max-snippet:-1","max-image-preview":"max-image-preview:large","max-video-preview":"max-video-preview:-1"},"canonical":"https:\/\/caesars.nu\/en\/carte\/","og_locale":"en_GB","og_type":"article","og_title":"Cart\u00e9 - Caesar&#039;s American &amp; Italian Kitchen","og_description":"V\u00e5ran Ala carte meny Nedan hittar du som g\u00e4st tiderna v\u00e5r ala carte meny serveras, klicka p\u00e5 knappen nedan f\u00f6r att \u00f6ppna menyn eller ladda ner den. \u00d6ppettider Ala carte menyn g\u00e4ller: M\u00e5n-tors 15-23:00 Fredagar 15-24:00 L\u00f6rdagar 11.30-24:00 S\u00f6ndagar 11.30-24:00 \u00d6ppna meny Ladda ner meny","og_url":"https:\/\/caesars.nu\/en\/carte\/","og_site_name":"Caesar&#039;s American &amp; Italian Kitchen","article_publisher":"https:\/\/sv-se.facebook.com\/CaesarsAmericanItalianKitchen\/","article_modified_time":"2026-02-12T22:06:15+00:00","og_image":[{"width":350,"height":208,"url":"https:\/\/caesars.nu\/wp-content\/uploads\/2024\/07\/Caesars.png","type":"image\/png"}],"twitter_card":"summary_large_image","twitter_misc":{"Estimated reading time":"1 minute"},"schema":{"@context":"https:\/\/schema.org","@graph":[{"@type":"WebPage","@id":"https:\/\/caesars.nu\/carte\/","url":"https:\/\/caesars.nu\/carte\/","name":"Cart\u00e9 - Caesar&#039;s American &amp; Italian Kitchen","isPartOf":{"@id":"https:\/\/caesars.nu\/#website"},"primaryImageOfPage":{"@id":"https:\/\/caesars.nu\/carte\/#primaryimage"},"image":{"@id":"https:\/\/caesars.nu\/carte\/#primaryimage"},"thumbnailUrl":"https:\/\/caesars.nu\/wp-content\/uploads\/2024\/07\/Caesars.png","datePublished":"2021-10-16T14:38:16+00:00","dateModified":"2026-02-12T22:06:15+00:00","breadcrumb":{"@id":"https:\/\/caesars.nu\/carte\/#breadcrumb"},"inLanguage":"en-GB","potentialAction":[{"@type":"ReadAction","target":["https:\/\/caesars.nu\/carte\/"]}]},{"@type":"ImageObject","inLanguage":"en-GB","@id":"https:\/\/caesars.nu\/carte\/#primaryimage","url":"https:\/\/caesars.nu\/wp-content\/uploads\/2024\/07\/Caesars.png","contentUrl":"https:\/\/caesars.nu\/wp-content\/uploads\/2024\/07\/Caesars.png","width":350,"height":208,"caption":"Caesars Social"},{"@type":"BreadcrumbList","@id":"https:\/\/caesars.nu\/carte\/#breadcrumb","itemListElement":[{"@type":"ListItem","position":1,"name":"Hem","item":"https:\/\/caesars.nu\/"},{"@type":"ListItem","position":2,"name":"Cart\u00e9"}]},{"@type":"WebSite","@id":"https:\/\/caesars.nu\/#website","url":"https:\/\/caesars.nu\/","name":"Caesar&#039;s American &amp; Italian Kitchen","description":"Mat som passar hela familjen","potentialAction":[{"@type":"SearchAction","target":{"@type":"EntryPoint","urlTemplate":"https:\/\/caesars.nu\/?s={search_term_string}"},"query-input":{"@type":"PropertyValueSpecification","valueRequired":true,"valueName":"search_term_string"}}],"inLanguage":"en-GB"}]}},"_links":{"self":[{"href":"https:\/\/caesars.nu\/en\/wp-json\/wp\/v2\/pages\/9109","targetHints":{"allow":["GET"]}}],"collection":[{"href":"https:\/\/caesars.nu\/en\/wp-json\/wp\/v2\/pages"}],"about":[{"href":"https:\/\/caesars.nu\/en\/wp-json\/wp\/v2\/types\/page"}],"author":[{"embeddable":true,"href":"https:\/\/caesars.nu\/en\/wp-json\/wp\/v2\/users\/4"}],"replies":[{"embeddable":true,"href":"https:\/\/caesars.nu\/en\/wp-json\/wp\/v2\/comments?post=9109"}],"version-history":[{"count":131,"href":"https:\/\/caesars.nu\/en\/wp-json\/wp\/v2\/pages\/9109\/revisions"}],"predecessor-version":[{"id":28848,"href":"https:\/\/caesars.nu\/en\/wp-json\/wp\/v2\/pages\/9109\/revisions\/28848"}],"wp:featuredmedia":[{"embeddable":true,"href":"https:\/\/caesars.nu\/en\/wp-json\/wp\/v2\/media\/21529"}],"wp:attachment":[{"href":"https:\/\/caesars.nu\/en\/wp-json\/wp\/v2\/media?parent=9109"}],"curies":[{"name":"wp","href":"https:\/\/api.w.org\/{rel}","templated":true}]}}