{"id":8951,"date":"2021-10-16T14:56:16","date_gmt":"2021-10-16T12:56:16","guid":{"rendered":"https:\/\/caesars.nu\/?page_id=8951"},"modified":"2024-07-27T11:25:41","modified_gmt":"2024-07-27T09:25:41","slug":"galleri","status":"publish","type":"page","link":"https:\/\/caesars.nu\/en\/galleri\/","title":{"rendered":"Gallery"},"content":{"rendered":"<div data-elementor-type=\"wp-page\" data-elementor-id=\"8951\" class=\"elementor elementor-8951\" data-elementor-post-type=\"page\">\n\t\t\t\t\t\t<section class=\"elementor-section elementor-top-section elementor-element elementor-element-4eebbd7 elementor-section-full_width elementor-section-height-default elementor-section-height-default\" data-id=\"4eebbd7\" data-element_type=\"section\" data-e-type=\"section\">\n\t\t\t\t\t\t<div class=\"elementor-container elementor-column-gap-no\">\n\t\t\t\t\t<div class=\"elementor-column elementor-col-100 elementor-top-column elementor-element elementor-element-83eaecb\" data-id=\"83eaecb\" data-element_type=\"column\" data-e-type=\"column\">\n\t\t\t<div class=\"elementor-widget-wrap elementor-element-populated\">\n\t\t\t\t\t\t<div class=\"elementor-element elementor-element-db21787 elementor-widget elementor-widget-heading\" data-id=\"db21787\" data-element_type=\"widget\" data-e-type=\"widget\" data-widget_type=\"heading.default\">\n\t\t\t\t<div class=\"elementor-widget-container\">\n\t\t\t\t\t<h1 class=\"elementor-heading-title elementor-size-default\">The best of Italian <br>\n\nand American cuisine<\/h1>\t\t\t\t<\/div>\n\t\t\t\t<\/div>\n\t\t\t\t<div class=\"elementor-element elementor-element-90b7cf0 elementor-widget elementor-widget-text-editor\" data-id=\"90b7cf0\" data-element_type=\"widget\" data-e-type=\"widget\" data-widget_type=\"text-editor.default\">\n\t\t\t\t<div class=\"elementor-widget-container\">\n\t\t\t\t\t\t\t\t\t<p>See some of our best dishes from Italian and American cuisine at Caesars\u00a0<\/p>\t\t\t\t\t\t\t\t<\/div>\n\t\t\t\t<\/div>\n\t\t\t\t\t<\/div>\n\t\t<\/div>\n\t\t\t\t\t<\/div>\n\t\t<\/section>\n\t\t\t\t<section class=\"elementor-section elementor-top-section elementor-element elementor-element-3f4ffcee elementor-section-full_width elementor-section-height-default elementor-section-height-default\" data-id=\"3f4ffcee\" data-element_type=\"section\" data-e-type=\"section\">\n\t\t\t\t\t\t<div class=\"elementor-container elementor-column-gap-no\">\n\t\t\t\t\t<div class=\"elementor-column elementor-col-100 elementor-top-column elementor-element elementor-element-71949e9b\" data-id=\"71949e9b\" data-element_type=\"column\" data-e-type=\"column\">\n\t\t\t<div class=\"elementor-widget-wrap elementor-element-populated\">\n\t\t\t\t\t\t<div class=\"elementor-element elementor-element-e433c87 elementor-widget elementor-widget-gallery\" data-id=\"e433c87\" data-element_type=\"widget\" data-e-type=\"widget\" data-settings=\"{&quot;columns&quot;:3,&quot;columns_tablet&quot;:&quot;3&quot;,&quot;gap&quot;:{&quot;unit&quot;:&quot;px&quot;,&quot;size&quot;:&quot;25&quot;,&quot;sizes&quot;:[]},&quot;columns_mobile&quot;:2,&quot;lazyload&quot;:&quot;yes&quot;,&quot;gallery_layout&quot;:&quot;grid&quot;,&quot;gap_tablet&quot;:{&quot;unit&quot;:&quot;px&quot;,&quot;size&quot;:10,&quot;sizes&quot;:[]},&quot;gap_mobile&quot;:{&quot;unit&quot;:&quot;px&quot;,&quot;size&quot;:10,&quot;sizes&quot;:[]},&quot;link_to&quot;:&quot;file&quot;,&quot;aspect_ratio&quot;:&quot;3:2&quot;,&quot;overlay_background&quot;:&quot;yes&quot;,&quot;content_hover_animation&quot;:&quot;fade-in&quot;}\" data-widget_type=\"gallery.default\">\n\t\t\t\t<div class=\"elementor-widget-container\">\n\t\t\t\t\t\t\t<div class=\"elementor-gallery__container\">\n\t\t\t\t\t\t\t<a class=\"e-gallery-item elementor-gallery-item elementor-animated-content\" href=\"https:\/\/caesars.nu\/wp-content\/uploads\/2021\/11\/MG_0124-scaled.jpg\" data-elementor-open-lightbox=\"yes\" data-elementor-lightbox-slideshow=\"e433c87\" data-elementor-lightbox-title=\"www.caesars.nu\" data-e-action-hash=\"#elementor-action%3Aaction%3Dlightbox%26settings%3DeyJpZCI6OTM3NywidXJsIjoiaHR0cHM6XC9cL2NhZXNhcnMubnVcL3dwLWNvbnRlbnRcL3VwbG9hZHNcLzIwMjFcLzExXC9NR18wMTI0LXNjYWxlZC5qcGciLCJzbGlkZXNob3ciOiJlNDMzYzg3In0%3D\">\n\t\t\t\t\t<div class=\"e-gallery-image elementor-gallery-item__image\" data-thumbnail=\"https:\/\/caesars.nu\/wp-content\/uploads\/2021\/11\/MG_0124-scaled.jpg\" data-width=\"2560\" data-height=\"1937\" aria-label=\"www.caesars.nu\" role=\"img\" ><\/div>\n\t\t\t\t\t\t\t\t\t\t\t<div class=\"elementor-gallery-item__overlay\"><\/div>\n\t\t\t\t\t\t\t\t\t\t\t\t\t\t<\/a>\n\t\t\t\t\t\t\t<a class=\"e-gallery-item elementor-gallery-item elementor-animated-content\" href=\"https:\/\/caesars.nu\/wp-content\/uploads\/2021\/11\/IMG_0028-scaled.jpg\" data-elementor-open-lightbox=\"yes\" data-elementor-lightbox-slideshow=\"e433c87\" data-elementor-lightbox-title=\"www.caesars.nu\" data-e-action-hash=\"#elementor-action%3Aaction%3Dlightbox%26settings%3DeyJpZCI6OTM3OCwidXJsIjoiaHR0cHM6XC9cL2NhZXNhcnMubnVcL3dwLWNvbnRlbnRcL3VwbG9hZHNcLzIwMjFcLzExXC9JTUdfMDAyOC1zY2FsZWQuanBnIiwic2xpZGVzaG93IjoiZTQzM2M4NyJ9\">\n\t\t\t\t\t<div class=\"e-gallery-image elementor-gallery-item__image\" data-thumbnail=\"https:\/\/caesars.nu\/wp-content\/uploads\/2021\/11\/IMG_0028-scaled.jpg\" data-width=\"2560\" data-height=\"1707\" aria-label=\"www.caesars.nu\" role=\"img\" ><\/div>\n\t\t\t\t\t\t\t\t\t\t\t<div class=\"elementor-gallery-item__overlay\"><\/div>\n\t\t\t\t\t\t\t\t\t\t\t\t\t\t<\/a>\n\t\t\t\t\t\t\t<a class=\"e-gallery-item elementor-gallery-item elementor-animated-content\" href=\"https:\/\/caesars.nu\/wp-content\/uploads\/2021\/11\/IMG_0042-scaled.jpg\" data-elementor-open-lightbox=\"yes\" data-elementor-lightbox-slideshow=\"e433c87\" data-elementor-lightbox-title=\"www.caesars.nu\" data-e-action-hash=\"#elementor-action%3Aaction%3Dlightbox%26settings%3DeyJpZCI6OTM3OSwidXJsIjoiaHR0cHM6XC9cL2NhZXNhcnMubnVcL3dwLWNvbnRlbnRcL3VwbG9hZHNcLzIwMjFcLzExXC9JTUdfMDA0Mi1zY2FsZWQuanBnIiwic2xpZGVzaG93IjoiZTQzM2M4NyJ9\">\n\t\t\t\t\t<div class=\"e-gallery-image elementor-gallery-item__image\" data-thumbnail=\"https:\/\/caesars.nu\/wp-content\/uploads\/2021\/11\/IMG_0042-scaled.jpg\" data-width=\"2560\" data-height=\"1606\" aria-label=\"www.caesars.nu\" role=\"img\" ><\/div>\n\t\t\t\t\t\t\t\t\t\t\t<div class=\"elementor-gallery-item__overlay\"><\/div>\n\t\t\t\t\t\t\t\t\t\t\t\t\t\t<\/a>\n\t\t\t\t\t\t\t<a class=\"e-gallery-item elementor-gallery-item elementor-animated-content\" href=\"https:\/\/caesars.nu\/wp-content\/uploads\/2021\/11\/IMG_0072-scaled.jpg\" data-elementor-open-lightbox=\"yes\" data-elementor-lightbox-slideshow=\"e433c87\" data-elementor-lightbox-title=\"www.caesars.nu\" data-e-action-hash=\"#elementor-action%3Aaction%3Dlightbox%26settings%3DeyJpZCI6OTM4MCwidXJsIjoiaHR0cHM6XC9cL2NhZXNhcnMubnVcL3dwLWNvbnRlbnRcL3VwbG9hZHNcLzIwMjFcLzExXC9JTUdfMDA3Mi1zY2FsZWQuanBnIiwic2xpZGVzaG93IjoiZTQzM2M4NyJ9\">\n\t\t\t\t\t<div class=\"e-gallery-image elementor-gallery-item__image\" data-thumbnail=\"https:\/\/caesars.nu\/wp-content\/uploads\/2021\/11\/IMG_0072-scaled.jpg\" data-width=\"2560\" data-height=\"1600\" aria-label=\"www.caesars.nu\" role=\"img\" ><\/div>\n\t\t\t\t\t\t\t\t\t\t\t<div class=\"elementor-gallery-item__overlay\"><\/div>\n\t\t\t\t\t\t\t\t\t\t\t\t\t\t<\/a>\n\t\t\t\t\t\t\t<a class=\"e-gallery-item elementor-gallery-item elementor-animated-content\" href=\"https:\/\/caesars.nu\/wp-content\/uploads\/2021\/11\/IMG_0077-scaled.jpg\" data-elementor-open-lightbox=\"yes\" data-elementor-lightbox-slideshow=\"e433c87\" data-elementor-lightbox-title=\"www.caesars.nu\" data-e-action-hash=\"#elementor-action%3Aaction%3Dlightbox%26settings%3DeyJpZCI6OTM4MSwidXJsIjoiaHR0cHM6XC9cL2NhZXNhcnMubnVcL3dwLWNvbnRlbnRcL3VwbG9hZHNcLzIwMjFcLzExXC9JTUdfMDA3Ny1zY2FsZWQuanBnIiwic2xpZGVzaG93IjoiZTQzM2M4NyJ9\">\n\t\t\t\t\t<div class=\"e-gallery-image elementor-gallery-item__image\" data-thumbnail=\"https:\/\/caesars.nu\/wp-content\/uploads\/2021\/11\/IMG_0077-scaled.jpg\" data-width=\"2560\" data-height=\"1649\" aria-label=\"www.caesars.nu\" role=\"img\" ><\/div>\n\t\t\t\t\t\t\t\t\t\t\t<div class=\"elementor-gallery-item__overlay\"><\/div>\n\t\t\t\t\t\t\t\t\t\t\t\t\t\t<\/a>\n\t\t\t\t\t\t\t<a class=\"e-gallery-item elementor-gallery-item elementor-animated-content\" href=\"https:\/\/caesars.nu\/wp-content\/uploads\/2021\/11\/IMG_0085-scaled.jpg\" data-elementor-open-lightbox=\"yes\" data-elementor-lightbox-slideshow=\"e433c87\" data-elementor-lightbox-title=\"www.caesars.nu\" data-e-action-hash=\"#elementor-action%3Aaction%3Dlightbox%26settings%3DeyJpZCI6OTM4MiwidXJsIjoiaHR0cHM6XC9cL2NhZXNhcnMubnVcL3dwLWNvbnRlbnRcL3VwbG9hZHNcLzIwMjFcLzExXC9JTUdfMDA4NS1zY2FsZWQuanBnIiwic2xpZGVzaG93IjoiZTQzM2M4NyJ9\">\n\t\t\t\t\t<div class=\"e-gallery-image elementor-gallery-item__image\" data-thumbnail=\"https:\/\/caesars.nu\/wp-content\/uploads\/2021\/11\/IMG_0085-scaled.jpg\" data-width=\"2560\" data-height=\"1707\" aria-label=\"www.caesars.nu\" role=\"img\" ><\/div>\n\t\t\t\t\t\t\t\t\t\t\t<div class=\"elementor-gallery-item__overlay\"><\/div>\n\t\t\t\t\t\t\t\t\t\t\t\t\t\t<\/a>\n\t\t\t\t\t\t\t<a class=\"e-gallery-item elementor-gallery-item elementor-animated-content\" href=\"https:\/\/caesars.nu\/wp-content\/uploads\/2021\/11\/IMG_0108-scaled.jpg\" data-elementor-open-lightbox=\"yes\" data-elementor-lightbox-slideshow=\"e433c87\" data-elementor-lightbox-title=\"www.caesars.nu\" data-e-action-hash=\"#elementor-action%3Aaction%3Dlightbox%26settings%3DeyJpZCI6OTM4MywidXJsIjoiaHR0cHM6XC9cL2NhZXNhcnMubnVcL3dwLWNvbnRlbnRcL3VwbG9hZHNcLzIwMjFcLzExXC9JTUdfMDEwOC1zY2FsZWQuanBnIiwic2xpZGVzaG93IjoiZTQzM2M4NyJ9\">\n\t\t\t\t\t<div class=\"e-gallery-image elementor-gallery-item__image\" data-thumbnail=\"https:\/\/caesars.nu\/wp-content\/uploads\/2021\/11\/IMG_0108-scaled.jpg\" data-width=\"2560\" data-height=\"1774\" aria-label=\"www.caesars.nu\" role=\"img\" ><\/div>\n\t\t\t\t\t\t\t\t\t\t\t<div class=\"elementor-gallery-item__overlay\"><\/div>\n\t\t\t\t\t\t\t\t\t\t\t\t\t\t<\/a>\n\t\t\t\t\t\t\t<a class=\"e-gallery-item elementor-gallery-item elementor-animated-content\" href=\"https:\/\/caesars.nu\/wp-content\/uploads\/2021\/11\/IMG_0137-scaled.jpg\" data-elementor-open-lightbox=\"yes\" data-elementor-lightbox-slideshow=\"e433c87\" data-elementor-lightbox-title=\"www.caesars.nu\" data-e-action-hash=\"#elementor-action%3Aaction%3Dlightbox%26settings%3DeyJpZCI6OTM4NCwidXJsIjoiaHR0cHM6XC9cL2NhZXNhcnMubnVcL3dwLWNvbnRlbnRcL3VwbG9hZHNcLzIwMjFcLzExXC9JTUdfMDEzNy1zY2FsZWQuanBnIiwic2xpZGVzaG93IjoiZTQzM2M4NyJ9\">\n\t\t\t\t\t<div class=\"e-gallery-image elementor-gallery-item__image\" data-thumbnail=\"https:\/\/caesars.nu\/wp-content\/uploads\/2021\/11\/IMG_0137-scaled.jpg\" data-width=\"2560\" data-height=\"1758\" aria-label=\"www.caesars.nu\" role=\"img\" ><\/div>\n\t\t\t\t\t\t\t\t\t\t\t<div class=\"elementor-gallery-item__overlay\"><\/div>\n\t\t\t\t\t\t\t\t\t\t\t\t\t\t<\/a>\n\t\t\t\t\t\t\t<a class=\"e-gallery-item elementor-gallery-item elementor-animated-content\" href=\"https:\/\/caesars.nu\/wp-content\/uploads\/2021\/11\/IMG_0149-scaled.jpg\" data-elementor-open-lightbox=\"yes\" data-elementor-lightbox-slideshow=\"e433c87\" data-elementor-lightbox-title=\"www.caesars.nu\" data-e-action-hash=\"#elementor-action%3Aaction%3Dlightbox%26settings%3DeyJpZCI6OTM4NSwidXJsIjoiaHR0cHM6XC9cL2NhZXNhcnMubnVcL3dwLWNvbnRlbnRcL3VwbG9hZHNcLzIwMjFcLzExXC9JTUdfMDE0OS1zY2FsZWQuanBnIiwic2xpZGVzaG93IjoiZTQzM2M4NyJ9\">\n\t\t\t\t\t<div class=\"e-gallery-image elementor-gallery-item__image\" data-thumbnail=\"https:\/\/caesars.nu\/wp-content\/uploads\/2021\/11\/IMG_0149-scaled.jpg\" data-width=\"2560\" data-height=\"1707\" aria-label=\"www.caesars.nu\" role=\"img\" ><\/div>\n\t\t\t\t\t\t\t\t\t\t\t<div class=\"elementor-gallery-item__overlay\"><\/div>\n\t\t\t\t\t\t\t\t\t\t\t\t\t\t<\/a>\n\t\t\t\t\t\t\t<a class=\"e-gallery-item elementor-gallery-item elementor-animated-content\" href=\"https:\/\/caesars.nu\/wp-content\/uploads\/2021\/11\/IMG_0167-scaled.jpg\" data-elementor-open-lightbox=\"yes\" data-elementor-lightbox-slideshow=\"e433c87\" data-elementor-lightbox-title=\"www.caesars.nu\" data-e-action-hash=\"#elementor-action%3Aaction%3Dlightbox%26settings%3DeyJpZCI6OTM4NiwidXJsIjoiaHR0cHM6XC9cL2NhZXNhcnMubnVcL3dwLWNvbnRlbnRcL3VwbG9hZHNcLzIwMjFcLzExXC9JTUdfMDE2Ny1zY2FsZWQuanBnIiwic2xpZGVzaG93IjoiZTQzM2M4NyJ9\">\n\t\t\t\t\t<div class=\"e-gallery-image elementor-gallery-item__image\" data-thumbnail=\"https:\/\/caesars.nu\/wp-content\/uploads\/2021\/11\/IMG_0167-scaled.jpg\" data-width=\"2560\" data-height=\"1514\" aria-label=\"www.caesars.nu\" role=\"img\" ><\/div>\n\t\t\t\t\t\t\t\t\t\t\t<div class=\"elementor-gallery-item__overlay\"><\/div>\n\t\t\t\t\t\t\t\t\t\t\t\t\t\t<\/a>\n\t\t\t\t\t\t\t<a class=\"e-gallery-item elementor-gallery-item elementor-animated-content\" href=\"https:\/\/caesars.nu\/wp-content\/uploads\/2021\/11\/IMG_0172-scaled.jpg\" data-elementor-open-lightbox=\"yes\" data-elementor-lightbox-slideshow=\"e433c87\" data-elementor-lightbox-title=\"www.caesars.nu\" data-e-action-hash=\"#elementor-action%3Aaction%3Dlightbox%26settings%3DeyJpZCI6OTM4NywidXJsIjoiaHR0cHM6XC9cL2NhZXNhcnMubnVcL3dwLWNvbnRlbnRcL3VwbG9hZHNcLzIwMjFcLzExXC9JTUdfMDE3Mi1zY2FsZWQuanBnIiwic2xpZGVzaG93IjoiZTQzM2M4NyJ9\">\n\t\t\t\t\t<div class=\"e-gallery-image elementor-gallery-item__image\" data-thumbnail=\"https:\/\/caesars.nu\/wp-content\/uploads\/2021\/11\/IMG_0172-scaled.jpg\" data-width=\"2560\" data-height=\"1592\" aria-label=\"www.caesars.nu\" role=\"img\" ><\/div>\n\t\t\t\t\t\t\t\t\t\t\t<div class=\"elementor-gallery-item__overlay\"><\/div>\n\t\t\t\t\t\t\t\t\t\t\t\t\t\t<\/a>\n\t\t\t\t\t\t\t<a class=\"e-gallery-item elementor-gallery-item elementor-animated-content\" href=\"https:\/\/caesars.nu\/wp-content\/uploads\/2021\/11\/IMG_0184-scaled.jpg\" data-elementor-open-lightbox=\"yes\" data-elementor-lightbox-slideshow=\"e433c87\" data-elementor-lightbox-title=\"www.caesars.nu\" data-e-action-hash=\"#elementor-action%3Aaction%3Dlightbox%26settings%3DeyJpZCI6OTM4OCwidXJsIjoiaHR0cHM6XC9cL2NhZXNhcnMubnVcL3dwLWNvbnRlbnRcL3VwbG9hZHNcLzIwMjFcLzExXC9JTUdfMDE4NC1zY2FsZWQuanBnIiwic2xpZGVzaG93IjoiZTQzM2M4NyJ9\">\n\t\t\t\t\t<div class=\"e-gallery-image elementor-gallery-item__image\" data-thumbnail=\"https:\/\/caesars.nu\/wp-content\/uploads\/2021\/11\/IMG_0184-scaled.jpg\" data-width=\"2560\" data-height=\"1498\" aria-label=\"www.caesars.nu\" role=\"img\" ><\/div>\n\t\t\t\t\t\t\t\t\t\t\t<div class=\"elementor-gallery-item__overlay\"><\/div>\n\t\t\t\t\t\t\t\t\t\t\t\t\t\t<\/a>\n\t\t\t\t\t\t\t<a class=\"e-gallery-item elementor-gallery-item elementor-animated-content\" href=\"https:\/\/caesars.nu\/wp-content\/uploads\/2021\/11\/IMG_0199-scaled.jpg\" data-elementor-open-lightbox=\"yes\" data-elementor-lightbox-slideshow=\"e433c87\" data-elementor-lightbox-title=\"www.caesars.nu\" data-e-action-hash=\"#elementor-action%3Aaction%3Dlightbox%26settings%3DeyJpZCI6OTM4OSwidXJsIjoiaHR0cHM6XC9cL2NhZXNhcnMubnVcL3dwLWNvbnRlbnRcL3VwbG9hZHNcLzIwMjFcLzExXC9JTUdfMDE5OS1zY2FsZWQuanBnIiwic2xpZGVzaG93IjoiZTQzM2M4NyJ9\">\n\t\t\t\t\t<div class=\"e-gallery-image elementor-gallery-item__image\" data-thumbnail=\"https:\/\/caesars.nu\/wp-content\/uploads\/2021\/11\/IMG_0199-scaled.jpg\" data-width=\"2560\" data-height=\"1407\" aria-label=\"www.caesars.nu\" role=\"img\" ><\/div>\n\t\t\t\t\t\t\t\t\t\t\t<div class=\"elementor-gallery-item__overlay\"><\/div>\n\t\t\t\t\t\t\t\t\t\t\t\t\t\t<\/a>\n\t\t\t\t\t\t\t<a class=\"e-gallery-item elementor-gallery-item elementor-animated-content\" href=\"https:\/\/caesars.nu\/wp-content\/uploads\/2021\/11\/IMG_0225-scaled.jpg\" data-elementor-open-lightbox=\"yes\" data-elementor-lightbox-slideshow=\"e433c87\" data-elementor-lightbox-title=\"www.caesars.nu\" data-e-action-hash=\"#elementor-action%3Aaction%3Dlightbox%26settings%3DeyJpZCI6OTM5MCwidXJsIjoiaHR0cHM6XC9cL2NhZXNhcnMubnVcL3dwLWNvbnRlbnRcL3VwbG9hZHNcLzIwMjFcLzExXC9JTUdfMDIyNS1zY2FsZWQuanBnIiwic2xpZGVzaG93IjoiZTQzM2M4NyJ9\">\n\t\t\t\t\t<div class=\"e-gallery-image elementor-gallery-item__image\" data-thumbnail=\"https:\/\/caesars.nu\/wp-content\/uploads\/2021\/11\/IMG_0225-scaled.jpg\" data-width=\"2560\" data-height=\"1545\" aria-label=\"www.caesars.nu\" role=\"img\" ><\/div>\n\t\t\t\t\t\t\t\t\t\t\t<div class=\"elementor-gallery-item__overlay\"><\/div>\n\t\t\t\t\t\t\t\t\t\t\t\t\t\t<\/a>\n\t\t\t\t\t\t\t<a class=\"e-gallery-item elementor-gallery-item elementor-animated-content\" href=\"https:\/\/caesars.nu\/wp-content\/uploads\/2021\/11\/IMG_0323-scaled.jpg\" data-elementor-open-lightbox=\"yes\" data-elementor-lightbox-slideshow=\"e433c87\" data-elementor-lightbox-title=\"www.caesars.nu\" data-e-action-hash=\"#elementor-action%3Aaction%3Dlightbox%26settings%3DeyJpZCI6OTM5MSwidXJsIjoiaHR0cHM6XC9cL2NhZXNhcnMubnVcL3dwLWNvbnRlbnRcL3VwbG9hZHNcLzIwMjFcLzExXC9JTUdfMDMyMy1zY2FsZWQuanBnIiwic2xpZGVzaG93IjoiZTQzM2M4NyJ9\">\n\t\t\t\t\t<div class=\"e-gallery-image elementor-gallery-item__image\" data-thumbnail=\"https:\/\/caesars.nu\/wp-content\/uploads\/2021\/11\/IMG_0323-scaled.jpg\" data-width=\"2560\" data-height=\"1638\" aria-label=\"www.caesars.nu\" role=\"img\" ><\/div>\n\t\t\t\t\t\t\t\t\t\t\t<div class=\"elementor-gallery-item__overlay\"><\/div>\n\t\t\t\t\t\t\t\t\t\t\t\t\t\t<\/a>\n\t\t\t\t\t<\/div>\n\t\t\t\t\t<\/div>\n\t\t\t\t<\/div>\n\t\t\t\t\t<\/div>\n\t\t<\/div>\n\t\t\t\t\t<\/div>\n\t\t<\/section>\n\t\t\t\t<\/div>","protected":false},"excerpt":{"rendered":"<p>Det b\u00e4sta fr\u00e5n det Italienska och Amerikanska k\u00f6ket Se n\u00e5gra av v\u00e5ra b\u00e4sta r\u00e4tter fr\u00e5n det italienska och amerikanska k\u00f6ket p\u00e5 Caesars\u00a0<\/p>","protected":false},"author":4,"featured_media":0,"parent":0,"menu_order":0,"comment_status":"closed","ping_status":"closed","template":"elementor_header_footer","meta":{"footnotes":""},"class_list":["post-8951","page","type-page","status-publish","hentry"],"yoast_head":"<!-- This site is optimized with the Yoast SEO plugin v26.9 - https:\/\/yoast.com\/product\/yoast-seo-wordpress\/ -->\n<title>Galleri - Caesar&#039;s American &amp; Italian Kitchen<\/title>\n<meta name=\"description\" content=\"Se v\u00e5rt galleri med det b\u00e4sta fr\u00e5n italienska och amerikanska k\u00f6ket. L\u00e5t dina smakl\u00f6kar f\u00e5 en resa genom dessa kulinariska v\u00e4rldar.\" \/>\n<meta name=\"robots\" content=\"index, follow, max-snippet:-1, max-image-preview:large, max-video-preview:-1\" \/>\n<link rel=\"canonical\" href=\"https:\/\/caesars.nu\/en\/galleri\/\" \/>\n<meta property=\"og:locale\" content=\"en_GB\" \/>\n<meta property=\"og:type\" content=\"article\" \/>\n<meta property=\"og:title\" content=\"Caesars galleri\" \/>\n<meta property=\"og:description\" content=\"Se v\u00e5rt galleri med det b\u00e4sta fr\u00e5n italienska och amerikanska k\u00f6ket. L\u00e5t dina smakl\u00f6kar f\u00e5 en resa genom dessa kulinariska v\u00e4rldar.\" \/>\n<meta property=\"og:url\" content=\"https:\/\/caesars.nu\/en\/galleri\/\" \/>\n<meta property=\"og:site_name\" content=\"Caesar&#039;s American &amp; Italian Kitchen\" \/>\n<meta property=\"article:publisher\" content=\"https:\/\/sv-se.facebook.com\/CaesarsAmericanItalianKitchen\/\" \/>\n<meta property=\"article:modified_time\" content=\"2024-07-27T09:25:41+00:00\" \/>\n<meta property=\"og:image\" content=\"https:\/\/caesars.nu\/wp-content\/uploads\/2024\/07\/Caesars.png\" \/>\n\t<meta property=\"og:image:width\" content=\"350\" \/>\n\t<meta property=\"og:image:height\" content=\"208\" \/>\n\t<meta property=\"og:image:type\" content=\"image\/png\" \/>\n<meta name=\"twitter:card\" content=\"summary_large_image\" \/>\n<meta name=\"twitter:title\" content=\"Caesars galleri\" \/>\n<meta name=\"twitter:description\" content=\"Se v\u00e5rt galleri med det b\u00e4sta fr\u00e5n italienska och amerikanska k\u00f6ket. L\u00e5t dina smakl\u00f6kar f\u00e5 en resa genom dessa kulinariska v\u00e4rldar.\" \/>\n<meta name=\"twitter:image\" content=\"https:\/\/caesars.nu\/wp-content\/uploads\/2024\/07\/Caesars.png\" \/>\n<meta name=\"twitter:label1\" content=\"Estimated reading time\" \/>\n\t<meta name=\"twitter:data1\" content=\"1 minute\" \/>\n<script type=\"application\/ld+json\" class=\"yoast-schema-graph\">{\"@context\":\"https:\/\/schema.org\",\"@graph\":[{\"@type\":\"WebPage\",\"@id\":\"https:\/\/caesars.nu\/galleri\/\",\"url\":\"https:\/\/caesars.nu\/galleri\/\",\"name\":\"Galleri - Caesar&#039;s American &amp; Italian Kitchen\",\"isPartOf\":{\"@id\":\"https:\/\/caesars.nu\/#website\"},\"datePublished\":\"2021-10-16T12:56:16+00:00\",\"dateModified\":\"2024-07-27T09:25:41+00:00\",\"description\":\"Se v\u00e5rt galleri med det b\u00e4sta fr\u00e5n italienska och amerikanska k\u00f6ket. L\u00e5t dina smakl\u00f6kar f\u00e5 en resa genom dessa kulinariska v\u00e4rldar.\",\"breadcrumb\":{\"@id\":\"https:\/\/caesars.nu\/galleri\/#breadcrumb\"},\"inLanguage\":\"en-GB\",\"potentialAction\":[{\"@type\":\"ReadAction\",\"target\":[\"https:\/\/caesars.nu\/galleri\/\"]}]},{\"@type\":\"BreadcrumbList\",\"@id\":\"https:\/\/caesars.nu\/galleri\/#breadcrumb\",\"itemListElement\":[{\"@type\":\"ListItem\",\"position\":1,\"name\":\"Hem\",\"item\":\"https:\/\/caesars.nu\/\"},{\"@type\":\"ListItem\",\"position\":2,\"name\":\"Galleri\"}]},{\"@type\":\"WebSite\",\"@id\":\"https:\/\/caesars.nu\/#website\",\"url\":\"https:\/\/caesars.nu\/\",\"name\":\"Caesar&#039;s American &amp; Italian Kitchen\",\"description\":\"Mat som passar hela familjen\",\"potentialAction\":[{\"@type\":\"SearchAction\",\"target\":{\"@type\":\"EntryPoint\",\"urlTemplate\":\"https:\/\/caesars.nu\/?s={search_term_string}\"},\"query-input\":{\"@type\":\"PropertyValueSpecification\",\"valueRequired\":true,\"valueName\":\"search_term_string\"}}],\"inLanguage\":\"en-GB\"}]}<\/script>\n<!-- \/ Yoast SEO plugin. -->","yoast_head_json":{"title":"Galleri - Caesar&#039;s American &amp; Italian Kitchen","description":"Se v\u00e5rt galleri med det b\u00e4sta fr\u00e5n italienska och amerikanska k\u00f6ket. L\u00e5t dina smakl\u00f6kar f\u00e5 en resa genom dessa kulinariska v\u00e4rldar.","robots":{"index":"index","follow":"follow","max-snippet":"max-snippet:-1","max-image-preview":"max-image-preview:large","max-video-preview":"max-video-preview:-1"},"canonical":"https:\/\/caesars.nu\/en\/galleri\/","og_locale":"en_GB","og_type":"article","og_title":"Caesars galleri","og_description":"Se v\u00e5rt galleri med det b\u00e4sta fr\u00e5n italienska och amerikanska k\u00f6ket. L\u00e5t dina smakl\u00f6kar f\u00e5 en resa genom dessa kulinariska v\u00e4rldar.","og_url":"https:\/\/caesars.nu\/en\/galleri\/","og_site_name":"Caesar&#039;s American &amp; Italian Kitchen","article_publisher":"https:\/\/sv-se.facebook.com\/CaesarsAmericanItalianKitchen\/","article_modified_time":"2024-07-27T09:25:41+00:00","og_image":[{"width":350,"height":208,"url":"https:\/\/caesars.nu\/wp-content\/uploads\/2024\/07\/Caesars.png","type":"image\/png"}],"twitter_card":"summary_large_image","twitter_title":"Caesars galleri","twitter_description":"Se v\u00e5rt galleri med det b\u00e4sta fr\u00e5n italienska och amerikanska k\u00f6ket. L\u00e5t dina smakl\u00f6kar f\u00e5 en resa genom dessa kulinariska v\u00e4rldar.","twitter_image":"https:\/\/caesars.nu\/wp-content\/uploads\/2024\/07\/Caesars.png","twitter_misc":{"Estimated reading time":"1 minute"},"schema":{"@context":"https:\/\/schema.org","@graph":[{"@type":"WebPage","@id":"https:\/\/caesars.nu\/galleri\/","url":"https:\/\/caesars.nu\/galleri\/","name":"Galleri - Caesar&#039;s American &amp; Italian Kitchen","isPartOf":{"@id":"https:\/\/caesars.nu\/#website"},"datePublished":"2021-10-16T12:56:16+00:00","dateModified":"2024-07-27T09:25:41+00:00","description":"Se v\u00e5rt galleri med det b\u00e4sta fr\u00e5n italienska och amerikanska k\u00f6ket. L\u00e5t dina smakl\u00f6kar f\u00e5 en resa genom dessa kulinariska v\u00e4rldar.","breadcrumb":{"@id":"https:\/\/caesars.nu\/galleri\/#breadcrumb"},"inLanguage":"en-GB","potentialAction":[{"@type":"ReadAction","target":["https:\/\/caesars.nu\/galleri\/"]}]},{"@type":"BreadcrumbList","@id":"https:\/\/caesars.nu\/galleri\/#breadcrumb","itemListElement":[{"@type":"ListItem","position":1,"name":"Hem","item":"https:\/\/caesars.nu\/"},{"@type":"ListItem","position":2,"name":"Galleri"}]},{"@type":"WebSite","@id":"https:\/\/caesars.nu\/#website","url":"https:\/\/caesars.nu\/","name":"Caesar&#039;s American &amp; Italian Kitchen","description":"Mat som passar hela familjen","potentialAction":[{"@type":"SearchAction","target":{"@type":"EntryPoint","urlTemplate":"https:\/\/caesars.nu\/?s={search_term_string}"},"query-input":{"@type":"PropertyValueSpecification","valueRequired":true,"valueName":"search_term_string"}}],"inLanguage":"en-GB"}]}},"_links":{"self":[{"href":"https:\/\/caesars.nu\/en\/wp-json\/wp\/v2\/pages\/8951","targetHints":{"allow":["GET"]}}],"collection":[{"href":"https:\/\/caesars.nu\/en\/wp-json\/wp\/v2\/pages"}],"about":[{"href":"https:\/\/caesars.nu\/en\/wp-json\/wp\/v2\/types\/page"}],"author":[{"embeddable":true,"href":"https:\/\/caesars.nu\/en\/wp-json\/wp\/v2\/users\/4"}],"replies":[{"embeddable":true,"href":"https:\/\/caesars.nu\/en\/wp-json\/wp\/v2\/comments?post=8951"}],"version-history":[{"count":66,"href":"https:\/\/caesars.nu\/en\/wp-json\/wp\/v2\/pages\/8951\/revisions"}],"predecessor-version":[{"id":21716,"href":"https:\/\/caesars.nu\/en\/wp-json\/wp\/v2\/pages\/8951\/revisions\/21716"}],"wp:attachment":[{"href":"https:\/\/caesars.nu\/en\/wp-json\/wp\/v2\/media?parent=8951"}],"curies":[{"name":"wp","href":"https:\/\/api.w.org\/{rel}","templated":true}]}}