{"id":8901,"date":"2021-10-16T14:31:29","date_gmt":"2021-10-16T12:31:29","guid":{"rendered":"https:\/\/caesars.nu\/?page_id=8901"},"modified":"2024-07-27T11:31:25","modified_gmt":"2024-07-27T09:31:25","slug":"kontakt","status":"publish","type":"page","link":"https:\/\/caesars.nu\/en\/kontakt\/","title":{"rendered":"Contact"},"content":{"rendered":"\t\t<div data-elementor-type=\"wp-page\" data-elementor-id=\"8901\" class=\"elementor elementor-8901\" data-elementor-post-type=\"page\">\n\t\t\t\t\t\t<section class=\"elementor-section elementor-top-section elementor-element elementor-element-e2adc59 elementor-section-height-min-height elementor-section-boxed elementor-section-height-default elementor-section-items-middle\" data-id=\"e2adc59\" data-element_type=\"section\" data-e-type=\"section\" data-settings=\"{&quot;background_background&quot;:&quot;classic&quot;,&quot;shape_divider_bottom&quot;:&quot;arrow&quot;,&quot;shape_divider_bottom_negative&quot;:&quot;yes&quot;}\">\n\t\t\t\t\t\t\t<div class=\"elementor-background-overlay\"><\/div>\n\t\t\t\t\t\t<div class=\"elementor-shape elementor-shape-bottom\" aria-hidden=\"true\" data-negative=\"true\">\n\t\t\t<svg xmlns=\"http:\/\/www.w3.org\/2000\/svg\" viewBox=\"0 0 700 10\" preserveAspectRatio=\"none\">\n\t<path class=\"elementor-shape-fill\" d=\"M360 0L350 9.9 340 0 0 0 0 10 700 10 700 0\"\/>\n<\/svg>\t\t<\/div>\n\t\t\t\t\t<div class=\"elementor-container elementor-column-gap-default\">\n\t\t\t\t\t<div class=\"elementor-column elementor-col-100 elementor-top-column elementor-element elementor-element-e921a06\" data-id=\"e921a06\" data-element_type=\"column\" data-e-type=\"column\">\n\t\t\t<div class=\"elementor-widget-wrap elementor-element-populated\">\n\t\t\t\t\t\t<div class=\"elementor-element elementor-element-14ea7c3 elementor-widget__width-auto elementor-widget elementor-widget-heading\" data-id=\"14ea7c3\" data-element_type=\"widget\" data-e-type=\"widget\" data-widget_type=\"heading.default\">\n\t\t\t\t<div class=\"elementor-widget-container\">\n\t\t\t\t\t<h1 class=\"elementor-heading-title elementor-size-default\">\u2014 Kontakta oss \u2014<\/h1>\t\t\t\t<\/div>\n\t\t\t\t<\/div>\n\t\t\t\t<div class=\"elementor-element elementor-element-b62d5a9 elementor-widget elementor-widget-text-editor\" data-id=\"b62d5a9\" data-element_type=\"widget\" data-e-type=\"widget\" data-widget_type=\"text-editor.default\">\n\t\t\t\t<div class=\"elementor-widget-container\">\n\t\t\t\t\t\t\t\t\t<p>Vi finns h\u00e4r f\u00f6r att besvara dina fr\u00e5gor och hj\u00e4lpa dig med vad du beh\u00f6ver. Oavsett om du har fr\u00e5gor om v\u00e5ra r\u00e4tter, \u00f6nskem\u00e5l om specialkost, eller vill veta mer om v\u00e5ra \u00f6ppettider, tveka inte att h\u00f6ra av dig. V\u00e5r engagerade personal \u00e4r redo att assistera dig med allt fr\u00e5n bokningar till allm\u00e4n information. Du kan n\u00e5 oss via telefon, e-post, eller genom att fylla i kontaktformul\u00e4ret nedan. Vi str\u00e4var efter att svara s\u00e5 snabbt som m\u00f6jligt och ser fram emot att h\u00f6ra fr\u00e5n dig!<\/p>\t\t\t\t\t\t\t\t<\/div>\n\t\t\t\t<\/div>\n\t\t\t\t<div class=\"elementor-element elementor-element-1159816 elementor-view-default elementor-widget elementor-widget-icon\" data-id=\"1159816\" data-element_type=\"widget\" data-e-type=\"widget\" data-widget_type=\"icon.default\">\n\t\t\t\t<div class=\"elementor-widget-container\">\n\t\t\t\t\t\t\t<div class=\"elementor-icon-wrapper\">\n\t\t\t<a class=\"elementor-icon\" href=\"#kontakt\">\n\t\t\t<i aria-hidden=\"true\" class=\"fas fa-chevron-down\"><\/i>\t\t\t<\/a>\n\t\t<\/div>\n\t\t\t\t\t\t<\/div>\n\t\t\t\t<\/div>\n\t\t\t\t\t<\/div>\n\t\t<\/div>\n\t\t\t\t\t<\/div>\n\t\t<\/section>\n\t\t\t\t<section class=\"elementor-section elementor-top-section elementor-element elementor-element-b8d6406 elementor-section-height-min-height elementor-section-boxed elementor-section-height-default elementor-section-items-middle\" data-id=\"b8d6406\" data-element_type=\"section\" data-e-type=\"section\" data-settings=\"{&quot;background_background&quot;:&quot;classic&quot;}\">\n\t\t\t\t\t\t<div class=\"elementor-container elementor-column-gap-default\">\n\t\t\t\t\t<div class=\"elementor-column elementor-col-50 elementor-top-column elementor-element elementor-element-6164046\" data-id=\"6164046\" data-element_type=\"column\" data-e-type=\"column\">\n\t\t\t<div class=\"elementor-widget-wrap elementor-element-populated\">\n\t\t\t\t\t\t<div class=\"elementor-element elementor-element-65fde97 elementor-widget elementor-widget-menu-anchor\" data-id=\"65fde97\" data-element_type=\"widget\" data-e-type=\"widget\" data-widget_type=\"menu-anchor.default\">\n\t\t\t\t<div class=\"elementor-widget-container\">\n\t\t\t\t\t\t\t<div class=\"elementor-menu-anchor\" id=\"kontakt\"><\/div>\n\t\t\t\t\t\t<\/div>\n\t\t\t\t<\/div>\n\t\t\t\t<div class=\"elementor-element elementor-element-9199952 elementor-widget elementor-widget-heading\" data-id=\"9199952\" data-element_type=\"widget\" data-e-type=\"widget\" data-widget_type=\"heading.default\">\n\t\t\t\t<div class=\"elementor-widget-container\">\n\t\t\t\t\t<h2 class=\"elementor-heading-title elementor-size-default\">Kontaktv\u00e4gar<\/h2>\t\t\t\t<\/div>\n\t\t\t\t<\/div>\n\t\t\t\t<div class=\"elementor-element elementor-element-f0c39e0 elementor-widget-divider--view-line elementor-widget elementor-widget-divider\" data-id=\"f0c39e0\" data-element_type=\"widget\" data-e-type=\"widget\" data-widget_type=\"divider.default\">\n\t\t\t\t<div class=\"elementor-widget-container\">\n\t\t\t\t\t\t\t<div class=\"elementor-divider\">\n\t\t\t<span class=\"elementor-divider-separator\">\n\t\t\t\t\t\t<\/span>\n\t\t<\/div>\n\t\t\t\t\t\t<\/div>\n\t\t\t\t<\/div>\n\t\t\t\t<div class=\"elementor-element elementor-element-03a6c6c elementor-widget elementor-widget-text-editor\" data-id=\"03a6c6c\" data-element_type=\"widget\" data-e-type=\"widget\" data-widget_type=\"text-editor.default\">\n\t\t\t\t<div class=\"elementor-widget-container\">\n\t\t\t\t\t\t\t\t\t<p>Vid fr\u00e5gor eller funderingar var v\u00e4nlig och kontakta oss p\u00e5 f\u00f6ljande<\/p>\t\t\t\t\t\t\t\t<\/div>\n\t\t\t\t<\/div>\n\t\t\t\t<div class=\"elementor-element elementor-element-8e2d018 elementor-list-item-link-inline elementor-icon-list--layout-traditional elementor-widget elementor-widget-icon-list\" data-id=\"8e2d018\" data-element_type=\"widget\" data-e-type=\"widget\" data-widget_type=\"icon-list.default\">\n\t\t\t\t<div class=\"elementor-widget-container\">\n\t\t\t\t\t\t\t<ul class=\"elementor-icon-list-items\">\n\t\t\t\t\t\t\t<li class=\"elementor-icon-list-item\">\n\t\t\t\t\t\t\t\t\t\t\t<a href=\"tel:08-550%20639%2097\">\n\n\t\t\t\t\t\t\t\t\t\t\t\t<span class=\"elementor-icon-list-icon\">\n\t\t\t\t\t\t\t<i aria-hidden=\"true\" class=\"fas fa-phone-alt\"><\/i>\t\t\t\t\t\t<\/span>\n\t\t\t\t\t\t\t\t\t\t<span class=\"elementor-icon-list-text\">Telefon: 08-550 639 97<\/span>\n\t\t\t\t\t\t\t\t\t\t\t<\/a>\n\t\t\t\t\t\t\t\t\t<\/li>\n\t\t\t\t\t\t\t\t<li class=\"elementor-icon-list-item\">\n\t\t\t\t\t\t\t\t\t\t\t<a href=\"mailto:Bokning@caesars.nu?subject=Vad%20avser%20bokningen?&#038;body=Ange%20datum%20och%20tid,%20hur%20m\u00e5nga%20personer,%20ett%20fullst\u00e4ndingt%20namn%20och%20ett%20telefonnummer%20att%20n\u00e5%20er%20p\u00e5.\">\n\n\t\t\t\t\t\t\t\t\t\t\t\t<span class=\"elementor-icon-list-icon\">\n\t\t\t\t\t\t\t<i aria-hidden=\"true\" class=\"far fa-calendar-check\"><\/i>\t\t\t\t\t\t<\/span>\n\t\t\t\t\t\t\t\t\t\t<span class=\"elementor-icon-list-text\">Boka bord: Bokning@caesars.nu<\/span>\n\t\t\t\t\t\t\t\t\t\t\t<\/a>\n\t\t\t\t\t\t\t\t\t<\/li>\n\t\t\t\t\t\t\t\t<li class=\"elementor-icon-list-item\">\n\t\t\t\t\t\t\t\t\t\t\t<a href=\"mailto:info@caesars.nu?subject=Hur%20kan%20vi%20hj\u00e4lpa%20dig?&#038;body=Skriv%20ditt%20meddelande%20h\u00e4r\">\n\n\t\t\t\t\t\t\t\t\t\t\t\t<span class=\"elementor-icon-list-icon\">\n\t\t\t\t\t\t\t<i aria-hidden=\"true\" class=\"far fa-envelope\"><\/i>\t\t\t\t\t\t<\/span>\n\t\t\t\t\t\t\t\t\t\t<span class=\"elementor-icon-list-text\">\u00d6vriga fr\u00e5gor: info@caesars.nu<\/span>\n\t\t\t\t\t\t\t\t\t\t\t<\/a>\n\t\t\t\t\t\t\t\t\t<\/li>\n\t\t\t\t\t\t\t\t<li class=\"elementor-icon-list-item\">\n\t\t\t\t\t\t\t\t\t\t\t<a href=\"https:\/\/goo.gl\/maps\/1o2bAzYLxVvFspgm9\" target=\"_blank\">\n\n\t\t\t\t\t\t\t\t\t\t\t\t<span class=\"elementor-icon-list-icon\">\n\t\t\t\t\t\t\t<i aria-hidden=\"true\" class=\"fas fa-map-pin\"><\/i>\t\t\t\t\t\t<\/span>\n\t\t\t\t\t\t\t\t\t\t<span class=\"elementor-icon-list-text\">Adress: G\u00e4stgivaregatan 3, 151 71 S\u00f6dert\u00e4lje<\/span>\n\t\t\t\t\t\t\t\t\t\t\t<\/a>\n\t\t\t\t\t\t\t\t\t<\/li>\n\t\t\t\t\t\t<\/ul>\n\t\t\t\t\t\t<\/div>\n\t\t\t\t<\/div>\n\t\t\t\t\t<\/div>\n\t\t<\/div>\n\t\t\t\t<div class=\"elementor-column elementor-col-50 elementor-top-column elementor-element elementor-element-d615ef6\" data-id=\"d615ef6\" data-element_type=\"column\" data-e-type=\"column\" data-settings=\"{&quot;background_background&quot;:&quot;classic&quot;}\">\n\t\t\t<div class=\"elementor-widget-wrap elementor-element-populated\">\n\t\t\t\t\t\t<div class=\"elementor-element elementor-element-f8c1520 caeaccept1 elementor-button-align-stretch elementor-widget elementor-widget-form\" data-id=\"f8c1520\" data-element_type=\"widget\" data-e-type=\"widget\" data-settings=\"{&quot;step_next_label&quot;:&quot;Next&quot;,&quot;step_previous_label&quot;:&quot;Previous&quot;,&quot;button_width&quot;:&quot;100&quot;,&quot;step_type&quot;:&quot;number_text&quot;,&quot;step_icon_shape&quot;:&quot;circle&quot;}\" data-widget_type=\"form.default\">\n\t\t\t\t<div class=\"elementor-widget-container\">\n\t\t\t\t\t\t\t<form class=\"elementor-form\" method=\"post\" name=\"New Form\" aria-label=\"New Form\">\n\t\t\t<input type=\"hidden\" name=\"post_id\" value=\"8901\"\/>\n\t\t\t<input type=\"hidden\" name=\"form_id\" value=\"f8c1520\"\/>\n\t\t\t<input type=\"hidden\" name=\"referer_title\" value=\"Caesar&#039;s American &amp; Italian Kitchen\" \/>\n\n\t\t\t\n\t\t\t<div class=\"elementor-form-fields-wrapper elementor-labels-above\">\n\t\t\t\t\t\t\t\t<div class=\"elementor-field-type-text elementor-field-group elementor-column elementor-field-group-name elementor-col-50 elementor-sm-50 elementor-field-required\">\n\t\t\t\t\t\t\t\t\t\t\t\t<label for=\"form-field-name\" class=\"elementor-field-label\">\n\t\t\t\t\t\t\t\tNamn *\t\t\t\t\t\t\t<\/label>\n\t\t\t\t\t\t\t\t\t\t\t\t\t\t<input size=\"1\" type=\"text\" name=\"form_fields[name]\" id=\"form-field-name\" class=\"elementor-field elementor-size-sm  elementor-field-textual\" placeholder=\"Fullst\u00e4ndiga namn \" required=\"required\">\n\t\t\t\t\t\t\t\t\t\t\t<\/div>\n\t\t\t\t\t\t\t\t<div class=\"elementor-field-type-tel elementor-field-group elementor-column elementor-field-group-field_7ccd717 elementor-col-50 elementor-sm-50 elementor-field-required\">\n\t\t\t\t\t\t\t\t\t\t\t\t<label for=\"form-field-field_7ccd717\" class=\"elementor-field-label\">\n\t\t\t\t\t\t\t\tTelefon *\t\t\t\t\t\t\t<\/label>\n\t\t\t\t\t\t\t\t<input size=\"1\" type=\"tel\" name=\"form_fields[field_7ccd717]\" id=\"form-field-field_7ccd717\" class=\"elementor-field elementor-size-sm  elementor-field-textual\" placeholder=\"ex. 070 123 45 67\" required=\"required\" pattern=\"[0-9()#&amp;+*-=.]+\" title=\"Only numbers and phone characters (#, -, *, etc) are accepted.\">\n\n\t\t\t\t\t\t<\/div>\n\t\t\t\t\t\t\t\t<div class=\"elementor-field-type-select elementor-field-group elementor-column elementor-field-group-field_5820def elementor-col-50 elementor-field-required\">\n\t\t\t\t\t\t\t\t\t\t\t\t<label for=\"form-field-field_5820def\" class=\"elementor-field-label\">\n\t\t\t\t\t\t\t\t\u00c4rende *\t\t\t\t\t\t\t<\/label>\n\t\t\t\t\t\t\t\t<div class=\"elementor-field elementor-select-wrapper remove-before \">\n\t\t\t<div class=\"select-caret-down-wrapper\">\n\t\t\t\t<i aria-hidden=\"true\" class=\"eicon-caret-down\"><\/i>\t\t\t<\/div>\n\t\t\t<select name=\"form_fields[field_5820def]\" id=\"form-field-field_5820def\" class=\"elementor-field-textual elementor-size-sm\" required=\"required\">\n\t\t\t\t\t\t\t\t\t<option value=\"-- Vad avser \u00e4rendet --\">-- Vad avser \u00e4rendet --<\/option>\n\t\t\t\t\t\t\t\t\t<option value=\"Fr\u00e5ga \">Fr\u00e5ga <\/option>\n\t\t\t\t\t\t\t\t\t<option value=\"Evenemang\">Evenemang<\/option>\n\t\t\t\t\t\t\t\t\t<option value=\"Bokning\">Bokning<\/option>\n\t\t\t\t\t\t\t\t\t<option value=\"\u00d6vrigt\">\u00d6vrigt<\/option>\n\t\t\t\t\t\t\t<\/select>\n\t\t<\/div>\n\t\t\t\t\t\t<\/div>\n\t\t\t\t\t\t\t\t<div class=\"elementor-field-type-email elementor-field-group elementor-column elementor-field-group-email elementor-col-50 elementor-field-required\">\n\t\t\t\t\t\t\t\t\t\t\t\t<label for=\"form-field-email\" class=\"elementor-field-label\">\n\t\t\t\t\t\t\t\tE-post *\t\t\t\t\t\t\t<\/label>\n\t\t\t\t\t\t\t\t\t\t\t\t\t\t<input size=\"1\" type=\"email\" name=\"form_fields[email]\" id=\"form-field-email\" class=\"elementor-field elementor-size-sm  elementor-field-textual\" placeholder=\"Din e-post\" required=\"required\">\n\t\t\t\t\t\t\t\t\t\t\t<\/div>\n\t\t\t\t\t\t\t\t<div class=\"elementor-field-type-textarea elementor-field-group elementor-column elementor-field-group-message elementor-col-100\">\n\t\t\t\t\t\t\t\t\t\t\t\t<label for=\"form-field-message\" class=\"elementor-field-label\">\n\t\t\t\t\t\t\t\tMeddelande\t\t\t\t\t\t\t<\/label>\n\t\t\t\t\t\t<textarea class=\"elementor-field-textual elementor-field  elementor-size-sm\" name=\"form_fields[message]\" id=\"form-field-message\" rows=\"4\" placeholder=\"L\u00e4mna g\u00e4rna oss ett meddelande\"><\/textarea>\t\t\t\t<\/div>\n\t\t\t\t\t\t\t\t<div class=\"elementor-field-type-html elementor-field-group elementor-column elementor-field-group-field_6190d19 elementor-col-100\">\n\t\t\t\t\t <input type=\"checkbox\" id=\"scales\" name=\"scales\" \n         checked required> Jag godk\u00e4nner Caesar\u00b4s <a href=\"https:\/\/caesars.nu\/integritetspolicy\/\" target=\"_blank\">Integritetspolicy<\/a>\t\t\t\t<\/div>\n\t\t\t\t\t\t\t\t<div class=\"elementor-field-type-recaptcha_v3 elementor-field-group elementor-column elementor-field-group-field_9515812 elementor-col-100 recaptcha_v3-inline\">\n\t\t\t\t\t<div class=\"elementor-field\" id=\"form-field-field_9515812\"><div class=\"elementor-g-recaptcha\" data-sitekey=\"6Lf3M8MhAAAAAJLP9dClWzdl5u01i3agPe7u8OXP\" data-type=\"v3\" data-action=\"Form\" data-badge=\"inline\" data-size=\"invisible\"><\/div><\/div>\t\t\t\t<\/div>\n\t\t\t\t\t\t\t\t<div class=\"elementor-field-group elementor-column elementor-field-type-submit elementor-col-100 e-form__buttons\">\n\t\t\t\t\t<button class=\"elementor-button elementor-size-sm\" type=\"submit\">\n\t\t\t\t\t\t<span class=\"elementor-button-content-wrapper\">\n\t\t\t\t\t\t\t\t\t\t\t\t\t\t\t\t\t\t\t\t\t\t<span class=\"elementor-button-text\">Skicka meddelande<\/span>\n\t\t\t\t\t\t\t\t\t\t\t\t\t<\/span>\n\t\t\t\t\t<\/button>\n\t\t\t\t<\/div>\n\t\t\t<\/div>\n\t\t<\/form>\n\t\t\t\t\t\t<\/div>\n\t\t\t\t<\/div>\n\t\t\t\t\t<\/div>\n\t\t<\/div>\n\t\t\t\t\t<\/div>\n\t\t<\/section>\n\t\t\t\t<section class=\"elementor-section elementor-top-section elementor-element elementor-element-02f1314 elementor-section-height-min-height elementor-section-boxed elementor-section-height-default elementor-section-items-middle\" data-id=\"02f1314\" data-element_type=\"section\" data-e-type=\"section\" data-settings=\"{&quot;background_background&quot;:&quot;classic&quot;}\">\n\t\t\t\t\t\t<div class=\"elementor-container elementor-column-gap-default\">\n\t\t\t\t\t<div class=\"elementor-column elementor-col-100 elementor-top-column elementor-element elementor-element-0a28c57\" data-id=\"0a28c57\" data-element_type=\"column\" data-e-type=\"column\">\n\t\t\t<div class=\"elementor-widget-wrap elementor-element-populated\">\n\t\t\t\t\t\t<div class=\"elementor-element elementor-element-3f1b726 elementor-widget elementor-widget-google_maps\" data-id=\"3f1b726\" data-element_type=\"widget\" data-e-type=\"widget\" data-widget_type=\"google_maps.default\">\n\t\t\t\t<div class=\"elementor-widget-container\">\n\t\t\t\t\t\t\t<div class=\"elementor-custom-embed\">\n\t\t\t<iframe loading=\"lazy\"\n\t\t\t\t\tsrc=\"https:\/\/maps.google.com\/maps?q=caesars%20s%C3%B6dert%C3%A4lje&#038;t=m&#038;z=12&#038;output=embed&#038;iwloc=near\"\n\t\t\t\t\ttitle=\"caesars s\u00f6dert\u00e4lje\"\n\t\t\t\t\taria-label=\"caesars s\u00f6dert\u00e4lje\"\n\t\t\t><\/iframe>\n\t\t<\/div>\n\t\t\t\t\t\t<\/div>\n\t\t\t\t<\/div>\n\t\t\t\t\t<\/div>\n\t\t<\/div>\n\t\t\t\t\t<\/div>\n\t\t<\/section>\n\t\t\t\t<\/div>\n\t\t","protected":false},"excerpt":{"rendered":"<p>\u2014 Kontakta oss \u2014 Vi finns h\u00e4r f\u00f6r att besvara dina fr\u00e5gor Kontaktv\u00e4gar Vid fr\u00e5gor eller funderingar var v\u00e4nlig och kontakta oss p\u00e5 f\u00f6ljande Telefon: 08-550 639 97 Boka bord: Bokning@caesars.nu \u00d6vriga fr\u00e5gor: info@caesars.nu Adress: G\u00e4stgivaregatan 3, 151 71 S\u00f6dert\u00e4lje<\/p>","protected":false},"author":4,"featured_media":21529,"parent":0,"menu_order":0,"comment_status":"closed","ping_status":"closed","template":"elementor_header_footer","meta":{"footnotes":""},"class_list":["post-8901","page","type-page","status-publish","has-post-thumbnail","hentry"],"yoast_head":"<!-- This site is optimized with the Yoast SEO plugin v26.9 - https:\/\/yoast.com\/product\/yoast-seo-wordpress\/ -->\n<title>Kontakt - Caesar&#039;s American &amp; Italian Kitchen<\/title>\n<meta name=\"description\" content=\"Oavsett om du har fr\u00e5gor om v\u00e5ra r\u00e4tter, \u00f6nskem\u00e5l om specialkost, eller vill veta mer om v\u00e5ra \u00f6ppettider, tveka inte att h\u00f6ra av dig.\" \/>\n<meta name=\"robots\" content=\"index, follow, max-snippet:-1, max-image-preview:large, max-video-preview:-1\" \/>\n<link rel=\"canonical\" href=\"https:\/\/caesars.nu\/en\/kontakt\/\" \/>\n<meta property=\"og:locale\" content=\"en_GB\" \/>\n<meta property=\"og:type\" content=\"article\" \/>\n<meta property=\"og:title\" content=\"Kontakta oss\" \/>\n<meta property=\"og:description\" content=\"Oavsett om du har fr\u00e5gor om v\u00e5ra r\u00e4tter, \u00f6nskem\u00e5l om specialkost, eller vill veta mer om v\u00e5ra \u00f6ppettider, tveka inte att h\u00f6ra av dig.\" \/>\n<meta property=\"og:url\" content=\"https:\/\/caesars.nu\/en\/kontakt\/\" \/>\n<meta property=\"og:site_name\" content=\"Caesar&#039;s American &amp; Italian Kitchen\" \/>\n<meta property=\"article:publisher\" content=\"https:\/\/sv-se.facebook.com\/CaesarsAmericanItalianKitchen\/\" \/>\n<meta property=\"article:modified_time\" content=\"2024-07-27T09:31:25+00:00\" \/>\n<meta property=\"og:image\" content=\"https:\/\/caesars.nu\/wp-content\/uploads\/2024\/07\/Caesars.png\" \/>\n\t<meta property=\"og:image:width\" content=\"350\" \/>\n\t<meta property=\"og:image:height\" content=\"208\" \/>\n\t<meta property=\"og:image:type\" content=\"image\/png\" \/>\n<meta name=\"twitter:card\" content=\"summary_large_image\" \/>\n<meta name=\"twitter:title\" content=\"Kontakta oss\" \/>\n<meta name=\"twitter:description\" content=\"Oavsett om du har fr\u00e5gor om v\u00e5ra r\u00e4tter, \u00f6nskem\u00e5l om specialkost, eller vill veta mer om v\u00e5ra \u00f6ppettider, tveka inte att h\u00f6ra av dig.\" \/>\n<meta name=\"twitter:image\" content=\"https:\/\/caesars.nu\/wp-content\/uploads\/2024\/07\/Caesars.png\" \/>\n<meta name=\"twitter:label1\" content=\"Estimated reading time\" \/>\n\t<meta name=\"twitter:data1\" content=\"1 minute\" \/>\n<script type=\"application\/ld+json\" class=\"yoast-schema-graph\">{\"@context\":\"https:\/\/schema.org\",\"@graph\":[{\"@type\":\"WebPage\",\"@id\":\"https:\/\/caesars.nu\/kontakt\/\",\"url\":\"https:\/\/caesars.nu\/kontakt\/\",\"name\":\"Kontakt - Caesar&#039;s American &amp; Italian Kitchen\",\"isPartOf\":{\"@id\":\"https:\/\/caesars.nu\/#website\"},\"primaryImageOfPage\":{\"@id\":\"https:\/\/caesars.nu\/kontakt\/#primaryimage\"},\"image\":{\"@id\":\"https:\/\/caesars.nu\/kontakt\/#primaryimage\"},\"thumbnailUrl\":\"https:\/\/caesars.nu\/wp-content\/uploads\/2024\/07\/Caesars.png\",\"datePublished\":\"2021-10-16T12:31:29+00:00\",\"dateModified\":\"2024-07-27T09:31:25+00:00\",\"description\":\"Oavsett om du har fr\u00e5gor om v\u00e5ra r\u00e4tter, \u00f6nskem\u00e5l om specialkost, eller vill veta mer om v\u00e5ra \u00f6ppettider, tveka inte att h\u00f6ra av dig.\",\"breadcrumb\":{\"@id\":\"https:\/\/caesars.nu\/kontakt\/#breadcrumb\"},\"inLanguage\":\"en-GB\",\"potentialAction\":[{\"@type\":\"ReadAction\",\"target\":[\"https:\/\/caesars.nu\/kontakt\/\"]}]},{\"@type\":\"ImageObject\",\"inLanguage\":\"en-GB\",\"@id\":\"https:\/\/caesars.nu\/kontakt\/#primaryimage\",\"url\":\"https:\/\/caesars.nu\/wp-content\/uploads\/2024\/07\/Caesars.png\",\"contentUrl\":\"https:\/\/caesars.nu\/wp-content\/uploads\/2024\/07\/Caesars.png\",\"width\":350,\"height\":208,\"caption\":\"Caesars Social\"},{\"@type\":\"BreadcrumbList\",\"@id\":\"https:\/\/caesars.nu\/kontakt\/#breadcrumb\",\"itemListElement\":[{\"@type\":\"ListItem\",\"position\":1,\"name\":\"Hem\",\"item\":\"https:\/\/caesars.nu\/\"},{\"@type\":\"ListItem\",\"position\":2,\"name\":\"Kontakt\"}]},{\"@type\":\"WebSite\",\"@id\":\"https:\/\/caesars.nu\/#website\",\"url\":\"https:\/\/caesars.nu\/\",\"name\":\"Caesar&#039;s American &amp; Italian Kitchen\",\"description\":\"Mat som passar hela familjen\",\"potentialAction\":[{\"@type\":\"SearchAction\",\"target\":{\"@type\":\"EntryPoint\",\"urlTemplate\":\"https:\/\/caesars.nu\/?s={search_term_string}\"},\"query-input\":{\"@type\":\"PropertyValueSpecification\",\"valueRequired\":true,\"valueName\":\"search_term_string\"}}],\"inLanguage\":\"en-GB\"}]}<\/script>\n<!-- \/ Yoast SEO plugin. -->","yoast_head_json":{"title":"Kontakt - Caesar&#039;s American &amp; Italian Kitchen","description":"Oavsett om du har fr\u00e5gor om v\u00e5ra r\u00e4tter, \u00f6nskem\u00e5l om specialkost, eller vill veta mer om v\u00e5ra \u00f6ppettider, tveka inte att h\u00f6ra av dig.","robots":{"index":"index","follow":"follow","max-snippet":"max-snippet:-1","max-image-preview":"max-image-preview:large","max-video-preview":"max-video-preview:-1"},"canonical":"https:\/\/caesars.nu\/en\/kontakt\/","og_locale":"en_GB","og_type":"article","og_title":"Kontakta oss","og_description":"Oavsett om du har fr\u00e5gor om v\u00e5ra r\u00e4tter, \u00f6nskem\u00e5l om specialkost, eller vill veta mer om v\u00e5ra \u00f6ppettider, tveka inte att h\u00f6ra av dig.","og_url":"https:\/\/caesars.nu\/en\/kontakt\/","og_site_name":"Caesar&#039;s American &amp; Italian Kitchen","article_publisher":"https:\/\/sv-se.facebook.com\/CaesarsAmericanItalianKitchen\/","article_modified_time":"2024-07-27T09:31:25+00:00","og_image":[{"width":350,"height":208,"url":"https:\/\/caesars.nu\/wp-content\/uploads\/2024\/07\/Caesars.png","type":"image\/png"}],"twitter_card":"summary_large_image","twitter_title":"Kontakta oss","twitter_description":"Oavsett om du har fr\u00e5gor om v\u00e5ra r\u00e4tter, \u00f6nskem\u00e5l om specialkost, eller vill veta mer om v\u00e5ra \u00f6ppettider, tveka inte att h\u00f6ra av dig.","twitter_image":"https:\/\/caesars.nu\/wp-content\/uploads\/2024\/07\/Caesars.png","twitter_misc":{"Estimated reading time":"1 minute"},"schema":{"@context":"https:\/\/schema.org","@graph":[{"@type":"WebPage","@id":"https:\/\/caesars.nu\/kontakt\/","url":"https:\/\/caesars.nu\/kontakt\/","name":"Kontakt - Caesar&#039;s American &amp; Italian Kitchen","isPartOf":{"@id":"https:\/\/caesars.nu\/#website"},"primaryImageOfPage":{"@id":"https:\/\/caesars.nu\/kontakt\/#primaryimage"},"image":{"@id":"https:\/\/caesars.nu\/kontakt\/#primaryimage"},"thumbnailUrl":"https:\/\/caesars.nu\/wp-content\/uploads\/2024\/07\/Caesars.png","datePublished":"2021-10-16T12:31:29+00:00","dateModified":"2024-07-27T09:31:25+00:00","description":"Oavsett om du har fr\u00e5gor om v\u00e5ra r\u00e4tter, \u00f6nskem\u00e5l om specialkost, eller vill veta mer om v\u00e5ra \u00f6ppettider, tveka inte att h\u00f6ra av dig.","breadcrumb":{"@id":"https:\/\/caesars.nu\/kontakt\/#breadcrumb"},"inLanguage":"en-GB","potentialAction":[{"@type":"ReadAction","target":["https:\/\/caesars.nu\/kontakt\/"]}]},{"@type":"ImageObject","inLanguage":"en-GB","@id":"https:\/\/caesars.nu\/kontakt\/#primaryimage","url":"https:\/\/caesars.nu\/wp-content\/uploads\/2024\/07\/Caesars.png","contentUrl":"https:\/\/caesars.nu\/wp-content\/uploads\/2024\/07\/Caesars.png","width":350,"height":208,"caption":"Caesars Social"},{"@type":"BreadcrumbList","@id":"https:\/\/caesars.nu\/kontakt\/#breadcrumb","itemListElement":[{"@type":"ListItem","position":1,"name":"Hem","item":"https:\/\/caesars.nu\/"},{"@type":"ListItem","position":2,"name":"Kontakt"}]},{"@type":"WebSite","@id":"https:\/\/caesars.nu\/#website","url":"https:\/\/caesars.nu\/","name":"Caesar&#039;s American &amp; Italian Kitchen","description":"Mat som passar hela familjen","potentialAction":[{"@type":"SearchAction","target":{"@type":"EntryPoint","urlTemplate":"https:\/\/caesars.nu\/?s={search_term_string}"},"query-input":{"@type":"PropertyValueSpecification","valueRequired":true,"valueName":"search_term_string"}}],"inLanguage":"en-GB"}]}},"_links":{"self":[{"href":"https:\/\/caesars.nu\/en\/wp-json\/wp\/v2\/pages\/8901","targetHints":{"allow":["GET"]}}],"collection":[{"href":"https:\/\/caesars.nu\/en\/wp-json\/wp\/v2\/pages"}],"about":[{"href":"https:\/\/caesars.nu\/en\/wp-json\/wp\/v2\/types\/page"}],"author":[{"embeddable":true,"href":"https:\/\/caesars.nu\/en\/wp-json\/wp\/v2\/users\/4"}],"replies":[{"embeddable":true,"href":"https:\/\/caesars.nu\/en\/wp-json\/wp\/v2\/comments?post=8901"}],"version-history":[{"count":142,"href":"https:\/\/caesars.nu\/en\/wp-json\/wp\/v2\/pages\/8901\/revisions"}],"predecessor-version":[{"id":21723,"href":"https:\/\/caesars.nu\/en\/wp-json\/wp\/v2\/pages\/8901\/revisions\/21723"}],"wp:featuredmedia":[{"embeddable":true,"href":"https:\/\/caesars.nu\/en\/wp-json\/wp\/v2\/media\/21529"}],"wp:attachment":[{"href":"https:\/\/caesars.nu\/en\/wp-json\/wp\/v2\/media?parent=8901"}],"curies":[{"name":"wp","href":"https:\/\/api.w.org\/{rel}","templated":true}]}}