{"id":8720,"date":"2021-10-16T00:21:43","date_gmt":"2021-10-15T22:21:43","guid":{"rendered":"https:\/\/caesars.nu\/?page_id=8720"},"modified":"2025-10-12T17:18:25","modified_gmt":"2025-10-12T15:18:25","slug":"hem","status":"publish","type":"page","link":"https:\/\/caesars.nu\/en\/","title":{"rendered":"Home"},"content":{"rendered":"\t\t<div data-elementor-type=\"wp-page\" data-elementor-id=\"8720\" class=\"elementor elementor-8720\" data-elementor-post-type=\"page\">\n\t\t\t\t\t\t<section class=\"elementor-section elementor-top-section elementor-element elementor-element-f7aa627 header-2 elementor-section-boxed elementor-section-height-default elementor-section-height-default\" data-id=\"f7aa627\" data-element_type=\"section\" data-e-type=\"section\" data-settings=\"{&quot;background_background&quot;:&quot;classic&quot;,&quot;sticky&quot;:&quot;top&quot;,&quot;sticky_effects_offset&quot;:1,&quot;sticky_on&quot;:[&quot;desktop&quot;,&quot;tablet&quot;,&quot;mobile&quot;],&quot;sticky_offset&quot;:0,&quot;sticky_anchor_link_offset&quot;:0}\">\n\t\t\t\t\t\t<div class=\"elementor-container elementor-column-gap-default\">\n\t\t\t\t\t<div class=\"elementor-column elementor-col-33 elementor-top-column elementor-element elementor-element-1b60e29\" data-id=\"1b60e29\" data-element_type=\"column\" data-e-type=\"column\">\n\t\t\t<div class=\"elementor-widget-wrap elementor-element-populated\">\n\t\t\t\t\t\t<div class=\"elementor-element elementor-element-b5e40eb elementor-widget elementor-widget-image\" data-id=\"b5e40eb\" data-element_type=\"widget\" data-e-type=\"widget\" data-widget_type=\"image.default\">\n\t\t\t\t<div class=\"elementor-widget-container\">\n\t\t\t\t\t\t\t\t\t\t\t\t\t\t\t\t<a href=\"https:\/\/caesars.nu\/en\" rel=\"nofollow\">\n\t\t\t\t\t\t\t<img fetchpriority=\"high\" decoding=\"async\" width=\"400\" height=\"169\" src=\"https:\/\/caesars.nu\/wp-content\/uploads\/2013\/07\/logga2.png\" class=\"attachment-large size-large wp-image-597\" alt=\"\" srcset=\"https:\/\/caesars.nu\/wp-content\/uploads\/2013\/07\/logga2.png 400w, https:\/\/caesars.nu\/wp-content\/uploads\/2013\/07\/logga2-300x126.png 300w, https:\/\/caesars.nu\/wp-content\/uploads\/2013\/07\/logga2-70x29.png 70w\" sizes=\"(max-width: 400px) 100vw, 400px\" \/>\t\t\t\t\t\t\t\t<\/a>\n\t\t\t\t\t\t\t\t\t\t\t\t\t\t\t<\/div>\n\t\t\t\t<\/div>\n\t\t\t\t\t<\/div>\n\t\t<\/div>\n\t\t\t\t<div class=\"elementor-column elementor-col-33 elementor-top-column elementor-element elementor-element-72999fb\" data-id=\"72999fb\" data-element_type=\"column\" data-e-type=\"column\">\n\t\t\t<div class=\"elementor-widget-wrap elementor-element-populated\">\n\t\t\t\t\t\t<div class=\"elementor-element elementor-element-0b05f79 elementor-nav-menu__align-end elementor-nav-menu--stretch elementor-nav-menu--dropdown-tablet elementor-nav-menu__text-align-aside elementor-nav-menu--toggle elementor-nav-menu--burger elementor-widget elementor-widget-nav-menu\" data-id=\"0b05f79\" data-element_type=\"widget\" data-e-type=\"widget\" data-settings=\"{&quot;full_width&quot;:&quot;stretch&quot;,&quot;layout&quot;:&quot;horizontal&quot;,&quot;submenu_icon&quot;:{&quot;value&quot;:&quot;&lt;i class=\\&quot;fas fa-caret-down\\&quot; aria-hidden=\\&quot;true\\&quot;&gt;&lt;\\\/i&gt;&quot;,&quot;library&quot;:&quot;fa-solid&quot;},&quot;toggle&quot;:&quot;burger&quot;}\" data-widget_type=\"nav-menu.default\">\n\t\t\t\t<div class=\"elementor-widget-container\">\n\t\t\t\t\t\t\t\t<nav aria-label=\"Meny\" class=\"elementor-nav-menu--main elementor-nav-menu__container elementor-nav-menu--layout-horizontal e--pointer-text e--animation-skew\">\n\t\t\t\t<ul id=\"menu-1-0b05f79\" class=\"elementor-nav-menu\"><li class=\"menu-item menu-item-type-post_type menu-item-object-page menu-item-home menu-item-8977\"><a href=\"https:\/\/caesars.nu\/en\/\" class=\"elementor-item\">Hem<\/a><\/li>\n<li class=\"menu-item menu-item-type-post_type menu-item-object-page menu-item-26387\"><a href=\"https:\/\/caesars.nu\/en\/lunch\/\" class=\"elementor-item\">Lunch<\/a><\/li>\n<li class=\"menu-item menu-item-type-post_type menu-item-object-page menu-item-9285\"><a href=\"https:\/\/caesars.nu\/en\/carte\/\" class=\"elementor-item\">Ala Cart\u00e9<\/a><\/li>\n<li class=\"menu-item menu-item-type-custom menu-item-object-custom menu-item-27857\"><a target=\"_blank\" href=\"https:\/\/qopla.com\/restaurant\/caesars-american-&#038;-italian-kitchen\/qAaBWqV1D9\/order\" class=\"elementor-item\">Best\u00e4ll take away<\/a><\/li>\n<li class=\"menu-item menu-item-type-post_type menu-item-object-page menu-item-8974\"><a href=\"https:\/\/caesars.nu\/en\/galleri\/\" class=\"elementor-item\">Galleri<\/a><\/li>\n<li class=\"menu-item menu-item-type-post_type menu-item-object-page menu-item-8976\"><a href=\"https:\/\/caesars.nu\/en\/om-oss\/\" class=\"elementor-item\">Om oss<\/a><\/li>\n<li class=\"menu-item menu-item-type-post_type menu-item-object-page menu-item-8975\"><a href=\"https:\/\/caesars.nu\/en\/kontakt\/\" class=\"elementor-item\">Kontakt<\/a><\/li>\n<li class=\"trp-language-switcher-container menu-item menu-item-type-post_type menu-item-object-language_switcher current-language-menu-item menu-item-9723\"><a href=\"https:\/\/caesars.nu\/en\/wp-json\/wp\/v2\/pages\/8720#TRPLINKPROCESSED\" class=\"elementor-item elementor-item-anchor\"><span data-no-translation><img decoding=\"async\" class=\"trp-flag-image\" src=\"https:\/\/caesars.nu\/wp-content\/plugins\/translatepress-multilingual\/assets\/images\/flags\/sv_SE.png\" width=\"18\" height=\"12\" alt=\"sv_SE\" title=\"Swedish\"><span class=\"trp-ls-language-name\">Swedish<\/span><\/span><\/a><\/li>\n<\/ul>\t\t\t<\/nav>\n\t\t\t\t\t<div class=\"elementor-menu-toggle\" role=\"button\" tabindex=\"0\" aria-label=\"Menu Toggle\" aria-expanded=\"false\">\n\t\t\t<i aria-hidden=\"true\" role=\"presentation\" class=\"elementor-menu-toggle__icon--open eicon-menu-bar\"><\/i><i aria-hidden=\"true\" role=\"presentation\" class=\"elementor-menu-toggle__icon--close eicon-close\"><\/i>\t\t<\/div>\n\t\t\t\t\t<nav class=\"elementor-nav-menu--dropdown elementor-nav-menu__container\" aria-hidden=\"true\">\n\t\t\t\t<ul id=\"menu-2-0b05f79\" class=\"elementor-nav-menu\"><li class=\"menu-item menu-item-type-post_type menu-item-object-page menu-item-home menu-item-8977\"><a href=\"https:\/\/caesars.nu\/en\/\" class=\"elementor-item\" tabindex=\"-1\">Hem<\/a><\/li>\n<li class=\"menu-item menu-item-type-post_type menu-item-object-page menu-item-26387\"><a href=\"https:\/\/caesars.nu\/en\/lunch\/\" class=\"elementor-item\" tabindex=\"-1\">Lunch<\/a><\/li>\n<li class=\"menu-item menu-item-type-post_type menu-item-object-page menu-item-9285\"><a href=\"https:\/\/caesars.nu\/en\/carte\/\" class=\"elementor-item\" tabindex=\"-1\">Ala Cart\u00e9<\/a><\/li>\n<li class=\"menu-item menu-item-type-custom menu-item-object-custom menu-item-27857\"><a target=\"_blank\" href=\"https:\/\/qopla.com\/restaurant\/caesars-american-&#038;-italian-kitchen\/qAaBWqV1D9\/order\" class=\"elementor-item\" tabindex=\"-1\">Best\u00e4ll take away<\/a><\/li>\n<li class=\"menu-item menu-item-type-post_type menu-item-object-page menu-item-8974\"><a href=\"https:\/\/caesars.nu\/en\/galleri\/\" class=\"elementor-item\" tabindex=\"-1\">Galleri<\/a><\/li>\n<li class=\"menu-item menu-item-type-post_type menu-item-object-page menu-item-8976\"><a href=\"https:\/\/caesars.nu\/en\/om-oss\/\" class=\"elementor-item\" tabindex=\"-1\">Om oss<\/a><\/li>\n<li class=\"menu-item menu-item-type-post_type menu-item-object-page menu-item-8975\"><a href=\"https:\/\/caesars.nu\/en\/kontakt\/\" class=\"elementor-item\" tabindex=\"-1\">Kontakt<\/a><\/li>\n<li class=\"trp-language-switcher-container menu-item menu-item-type-post_type menu-item-object-language_switcher current-language-menu-item menu-item-9723\"><a href=\"https:\/\/caesars.nu\/en\/wp-json\/wp\/v2\/pages\/8720#TRPLINKPROCESSED\" class=\"elementor-item elementor-item-anchor\" tabindex=\"-1\"><span data-no-translation><img decoding=\"async\" class=\"trp-flag-image\" src=\"https:\/\/caesars.nu\/wp-content\/plugins\/translatepress-multilingual\/assets\/images\/flags\/sv_SE.png\" width=\"18\" height=\"12\" alt=\"sv_SE\" title=\"Swedish\"><span class=\"trp-ls-language-name\">Swedish<\/span><\/span><\/a><\/li>\n<\/ul>\t\t\t<\/nav>\n\t\t\t\t\t\t<\/div>\n\t\t\t\t<\/div>\n\t\t\t\t\t<\/div>\n\t\t<\/div>\n\t\t\t\t<div class=\"elementor-column elementor-col-33 elementor-top-column elementor-element elementor-element-11e430d\" data-id=\"11e430d\" data-element_type=\"column\" data-e-type=\"column\">\n\t\t\t<div class=\"elementor-widget-wrap elementor-element-populated\">\n\t\t\t\t\t\t<div class=\"elementor-element elementor-element-1c36220 elementor-align-right elementor-tablet-align-center elementor-widget elementor-widget-button\" data-id=\"1c36220\" data-element_type=\"widget\" data-e-type=\"widget\" data-widget_type=\"button.default\">\n\t\t\t\t<div class=\"elementor-widget-container\">\n\t\t\t\t\t\t\t\t\t<div class=\"elementor-button-wrapper\">\n\t\t\t\t\t<a class=\"elementor-button elementor-button-link elementor-size-sm\" href=\"#elementor-action%3Aaction%3Dpopup%3Aopen%26settings%3DeyJpZCI6IjkwNjYiLCJ0b2dnbGUiOmZhbHNlfQ%3D%3D\">\n\t\t\t\t\t\t<span class=\"elementor-button-content-wrapper\">\n\t\t\t\t\t\t\t\t\t<span class=\"elementor-button-text\">Boka bord<\/span>\n\t\t\t\t\t<\/span>\n\t\t\t\t\t<\/a>\n\t\t\t\t<\/div>\n\t\t\t\t\t\t\t\t<\/div>\n\t\t\t\t<\/div>\n\t\t\t\t\t<\/div>\n\t\t<\/div>\n\t\t\t\t\t<\/div>\n\t\t<\/section>\n\t\t\t\t<section class=\"elementor-section elementor-top-section elementor-element elementor-element-475b0c4 elementor-section-height-min-height elementor-section-boxed elementor-section-height-default elementor-section-items-middle\" data-id=\"475b0c4\" data-element_type=\"section\" data-e-type=\"section\" data-settings=\"{&quot;background_background&quot;:&quot;video&quot;,&quot;background_video_link&quot;:&quot;https:\\\/\\\/youtu.be\\\/1HhKKcpfS80&quot;,&quot;background_play_on_mobile&quot;:&quot;yes&quot;}\">\n\t\t\t\t\t\t\t\t<div class=\"elementor-background-video-container\">\n\t\t\t\t\t\t\t\t\t\t\t\t\t<div class=\"elementor-background-video-embed\" role=\"presentation\"><\/div>\n\t\t\t\t\t\t\t\t\t\t\t\t<\/div>\n\t\t\t\t\t\t\t\t\t<div class=\"elementor-background-overlay\"><\/div>\n\t\t\t\t\t\t\t<div class=\"elementor-container elementor-column-gap-default\">\n\t\t\t\t\t<div class=\"elementor-column elementor-col-100 elementor-top-column elementor-element elementor-element-77bb4eb\" data-id=\"77bb4eb\" data-element_type=\"column\" data-e-type=\"column\" data-settings=\"{&quot;background_background&quot;:&quot;slideshow&quot;,&quot;background_slideshow_gallery&quot;:[],&quot;background_slideshow_loop&quot;:&quot;yes&quot;,&quot;background_slideshow_slide_duration&quot;:5000,&quot;background_slideshow_slide_transition&quot;:&quot;fade&quot;,&quot;background_slideshow_transition_duration&quot;:500}\">\n\t\t\t<div class=\"elementor-widget-wrap elementor-element-populated\">\n\t\t\t\t\t\t<section class=\"elementor-section elementor-inner-section elementor-element elementor-element-84bfd2b elementor-section-content-middle elementor-section-boxed elementor-section-height-default elementor-section-height-default\" data-id=\"84bfd2b\" data-element_type=\"section\" data-e-type=\"section\">\n\t\t\t\t\t\t<div class=\"elementor-container elementor-column-gap-default\">\n\t\t\t\t\t<div class=\"elementor-column elementor-col-100 elementor-inner-column elementor-element elementor-element-22d5ff8\" data-id=\"22d5ff8\" data-element_type=\"column\" data-e-type=\"column\">\n\t\t\t<div class=\"elementor-widget-wrap elementor-element-populated\">\n\t\t\t\t\t\t<div class=\"elementor-element elementor-element-a245be5 elementor-shape-circle elementor-grid-0 e-grid-align-center elementor-widget elementor-widget-social-icons\" data-id=\"a245be5\" data-element_type=\"widget\" data-e-type=\"widget\" data-widget_type=\"social-icons.default\">\n\t\t\t\t<div class=\"elementor-widget-container\">\n\t\t\t\t\t\t\t<div class=\"elementor-social-icons-wrapper elementor-grid\" role=\"list\">\n\t\t\t\t\t\t\t<span class=\"elementor-grid-item\" role=\"listitem\">\n\t\t\t\t\t<a class=\"elementor-icon elementor-social-icon elementor-social-icon-facebook elementor-repeater-item-be300ec\" href=\"https:\/\/www.facebook.com\/CaesarsAmericanItalianKitchen\" target=\"_blank\">\n\t\t\t\t\t\t<span class=\"elementor-screen-only\">Facebook<\/span>\n\t\t\t\t\t\t<i aria-hidden=\"true\" class=\"fab fa-facebook\"><\/i>\t\t\t\t\t<\/a>\n\t\t\t\t<\/span>\n\t\t\t\t\t\t\t<span class=\"elementor-grid-item\" role=\"listitem\">\n\t\t\t\t\t<a class=\"elementor-icon elementor-social-icon elementor-social-icon-instagram elementor-repeater-item-14f7c3e\" href=\"https:\/\/www.instagram.com\/caesarskitchenn\/\" target=\"_blank\">\n\t\t\t\t\t\t<span class=\"elementor-screen-only\">Instagram<\/span>\n\t\t\t\t\t\t<i aria-hidden=\"true\" class=\"fab fa-instagram\"><\/i>\t\t\t\t\t<\/a>\n\t\t\t\t<\/span>\n\t\t\t\t\t<\/div>\n\t\t\t\t\t\t<\/div>\n\t\t\t\t<\/div>\n\t\t\t\t<div class=\"elementor-element elementor-element-32f302c elementor-widget elementor-widget-text-editor\" data-id=\"32f302c\" data-element_type=\"widget\" data-e-type=\"widget\" data-widget_type=\"text-editor.default\">\n\t\t\t\t<div class=\"elementor-widget-container\">\n\t\t\t\t\t\t\t\t\t<div class=\"desktop-title-content\" style=\"text-align: center;\"><span style=\"color: #ffffff;\"><a style=\"color: #ffffff;\" href=\"https:\/\/goo.gl\/maps\/8hyT5inT2bXqYKA38\">G\u00e4stgivaregatan 3 , 151 71<\/a>\u00a0\u2014 S\u00f6dert\u00e4lje\u00a0<\/span> \u2014\u00a0<span style=\"color: #ffffff;\"> <a style=\"color: #ffffff;\" href=\"tel:0855063997\">08 550 639 97<\/a><\/span><\/div>\t\t\t\t\t\t\t\t<\/div>\n\t\t\t\t<\/div>\n\t\t\t\t<div class=\"elementor-element elementor-element-a1524ec oku elementor-widget__width-auto elementor-widget elementor-widget-heading\" data-id=\"a1524ec\" data-element_type=\"widget\" data-e-type=\"widget\" data-widget_type=\"heading.default\">\n\t\t\t\t<div class=\"elementor-widget-container\">\n\t\t\t\t\t<h2 class=\"elementor-heading-title elementor-size-default\"><a href=\"https:\/\/caesars.nu\/carte\/\" rel=\"nofollow\">ala Cart\u00e9<\/a><\/h2>\t\t\t\t<\/div>\n\t\t\t\t<\/div>\n\t\t\t\t<div class=\"elementor-element elementor-element-528e921 oku elementor-widget__width-auto elementor-widget elementor-widget-heading\" data-id=\"528e921\" data-element_type=\"widget\" data-e-type=\"widget\" data-widget_type=\"heading.default\">\n\t\t\t\t<div class=\"elementor-widget-container\">\n\t\t\t\t\t<h2 class=\"elementor-heading-title elementor-size-default\"><a href=\"https:\/\/caesars.nu\/lunch\/\" rel=\"nofollow\">LUNCH<\/a><\/h2>\t\t\t\t<\/div>\n\t\t\t\t<\/div>\n\t\t\t\t<div class=\"elementor-element elementor-element-187a6c7 oku elementor-widget__width-auto elementor-widget elementor-widget-heading\" data-id=\"187a6c7\" data-element_type=\"widget\" data-e-type=\"widget\" data-widget_type=\"heading.default\">\n\t\t\t\t<div class=\"elementor-widget-container\">\n\t\t\t\t\t<h2 class=\"elementor-heading-title elementor-size-default\"><a href=\"https:\/\/caesars.nu\/kontakt\/\" rel=\"nofollow\">BES\u00d6K<\/a><\/h2>\t\t\t\t<\/div>\n\t\t\t\t<\/div>\n\t\t\t\t\t<\/div>\n\t\t<\/div>\n\t\t\t\t\t<\/div>\n\t\t<\/section>\n\t\t\t\t\t<\/div>\n\t\t<\/div>\n\t\t\t\t\t<\/div>\n\t\t<\/section>\n\t\t\t\t<\/div>\n\t\t","protected":false},"excerpt":{"rendered":"<p>Boka bord Facebook Instagram G\u00e4stgivaregatan 3 , 151 71\u00a0\u2014 S\u00f6dert\u00e4lje\u00a0 \u2014\u00a0 08 550 639 97 ala Cart\u00e9 LUNCH BES\u00d6K<\/p>","protected":false},"author":1,"featured_media":21529,"parent":0,"menu_order":0,"comment_status":"closed","ping_status":"closed","template":"","meta":{"footnotes":""},"class_list":["post-8720","page","type-page","status-publish","has-post-thumbnail","hentry"],"yoast_head":"<!-- This site is optimized with the Yoast SEO plugin v26.9 - https:\/\/yoast.com\/product\/yoast-seo-wordpress\/ -->\n<title>Hem - Caesar&#039;s American &amp; Italian Kitchen<\/title>\n<meta name=\"description\" content=\"V\u00e4lkommen till Caesars i S\u00f6dert\u00e4lje! Njut av italienska och amerikanska r\u00e4tter. Utforska v\u00e5r \u00e0 la carte-meny och dryckesmeny.\" \/>\n<meta name=\"robots\" content=\"index, follow, max-snippet:-1, max-image-preview:large, max-video-preview:-1\" \/>\n<link rel=\"canonical\" href=\"https:\/\/caesars.nu\/en\/\" \/>\n<meta property=\"og:locale\" content=\"en_GB\" \/>\n<meta property=\"og:type\" content=\"article\" \/>\n<meta property=\"og:title\" content=\"V\u00e4lkommen till Caesars\" \/>\n<meta property=\"og:description\" content=\"V\u00e4lkommen till Caesars i S\u00f6dert\u00e4lje! Njut av italienska och amerikanska r\u00e4tter. Utforska v\u00e5r \u00e0 la carte-meny och dryckesmeny.\" \/>\n<meta property=\"og:url\" content=\"https:\/\/caesars.nu\/en\/\" \/>\n<meta property=\"og:site_name\" content=\"Caesar&#039;s American &amp; Italian Kitchen\" \/>\n<meta property=\"article:publisher\" content=\"https:\/\/sv-se.facebook.com\/CaesarsAmericanItalianKitchen\/\" \/>\n<meta property=\"article:modified_time\" content=\"2025-10-12T15:18:25+00:00\" \/>\n<meta property=\"og:image\" content=\"https:\/\/caesars.nu\/wp-content\/uploads\/2024\/07\/Caesars.png\" \/>\n\t<meta property=\"og:image:width\" content=\"350\" \/>\n\t<meta property=\"og:image:height\" content=\"208\" \/>\n\t<meta property=\"og:image:type\" content=\"image\/png\" \/>\n<meta name=\"twitter:card\" content=\"summary_large_image\" \/>\n<meta name=\"twitter:title\" content=\"V\u00e4lkommen till Caesars\" \/>\n<meta name=\"twitter:description\" content=\"V\u00e4lkommen till Caesars i S\u00f6dert\u00e4lje! Njut av italienska och amerikanska r\u00e4tter. Utforska v\u00e5r \u00e0 la carte-meny och dryckesmeny.\" \/>\n<meta name=\"twitter:image\" content=\"https:\/\/caesars.nu\/wp-content\/uploads\/2024\/07\/Caesars.png\" \/>\n<meta name=\"twitter:label1\" content=\"Estimated reading time\" \/>\n\t<meta name=\"twitter:data1\" content=\"2 minutes\" \/>\n<script type=\"application\/ld+json\" class=\"yoast-schema-graph\">{\"@context\":\"https:\/\/schema.org\",\"@graph\":[{\"@type\":\"WebPage\",\"@id\":\"https:\/\/caesars.nu\/\",\"url\":\"https:\/\/caesars.nu\/\",\"name\":\"Hem - Caesar&#039;s American &amp; Italian Kitchen\",\"isPartOf\":{\"@id\":\"https:\/\/caesars.nu\/#website\"},\"primaryImageOfPage\":{\"@id\":\"https:\/\/caesars.nu\/#primaryimage\"},\"image\":{\"@id\":\"https:\/\/caesars.nu\/#primaryimage\"},\"thumbnailUrl\":\"https:\/\/caesars.nu\/wp-content\/uploads\/2024\/07\/Caesars.png\",\"datePublished\":\"2021-10-15T22:21:43+00:00\",\"dateModified\":\"2025-10-12T15:18:25+00:00\",\"description\":\"V\u00e4lkommen till Caesars i S\u00f6dert\u00e4lje! Njut av italienska och amerikanska r\u00e4tter. Utforska v\u00e5r \u00e0 la carte-meny och dryckesmeny.\",\"breadcrumb\":{\"@id\":\"https:\/\/caesars.nu\/#breadcrumb\"},\"inLanguage\":\"en-GB\",\"potentialAction\":[{\"@type\":\"ReadAction\",\"target\":[\"https:\/\/caesars.nu\/\"]}]},{\"@type\":\"ImageObject\",\"inLanguage\":\"en-GB\",\"@id\":\"https:\/\/caesars.nu\/#primaryimage\",\"url\":\"https:\/\/caesars.nu\/wp-content\/uploads\/2024\/07\/Caesars.png\",\"contentUrl\":\"https:\/\/caesars.nu\/wp-content\/uploads\/2024\/07\/Caesars.png\",\"width\":350,\"height\":208,\"caption\":\"Caesars Social\"},{\"@type\":\"BreadcrumbList\",\"@id\":\"https:\/\/caesars.nu\/#breadcrumb\",\"itemListElement\":[{\"@type\":\"ListItem\",\"position\":1,\"name\":\"Hem\",\"item\":\"https:\/\/caesars.nu\/\"},{\"@type\":\"ListItem\",\"position\":2,\"name\":\"Hem\"}]},{\"@type\":\"WebSite\",\"@id\":\"https:\/\/caesars.nu\/#website\",\"url\":\"https:\/\/caesars.nu\/\",\"name\":\"Caesar&#039;s American &amp; Italian Kitchen\",\"description\":\"Mat som passar hela familjen\",\"potentialAction\":[{\"@type\":\"SearchAction\",\"target\":{\"@type\":\"EntryPoint\",\"urlTemplate\":\"https:\/\/caesars.nu\/?s={search_term_string}\"},\"query-input\":{\"@type\":\"PropertyValueSpecification\",\"valueRequired\":true,\"valueName\":\"search_term_string\"}}],\"inLanguage\":\"en-GB\"}]}<\/script>\n<!-- \/ Yoast SEO plugin. -->","yoast_head_json":{"title":"Hem - Caesar&#039;s American &amp; Italian Kitchen","description":"V\u00e4lkommen till Caesars i S\u00f6dert\u00e4lje! Njut av italienska och amerikanska r\u00e4tter. Utforska v\u00e5r \u00e0 la carte-meny och dryckesmeny.","robots":{"index":"index","follow":"follow","max-snippet":"max-snippet:-1","max-image-preview":"max-image-preview:large","max-video-preview":"max-video-preview:-1"},"canonical":"https:\/\/caesars.nu\/en\/","og_locale":"en_GB","og_type":"article","og_title":"V\u00e4lkommen till Caesars","og_description":"V\u00e4lkommen till Caesars i S\u00f6dert\u00e4lje! Njut av italienska och amerikanska r\u00e4tter. Utforska v\u00e5r \u00e0 la carte-meny och dryckesmeny.","og_url":"https:\/\/caesars.nu\/en\/","og_site_name":"Caesar&#039;s American &amp; Italian Kitchen","article_publisher":"https:\/\/sv-se.facebook.com\/CaesarsAmericanItalianKitchen\/","article_modified_time":"2025-10-12T15:18:25+00:00","og_image":[{"width":350,"height":208,"url":"https:\/\/caesars.nu\/wp-content\/uploads\/2024\/07\/Caesars.png","type":"image\/png"}],"twitter_card":"summary_large_image","twitter_title":"V\u00e4lkommen till Caesars","twitter_description":"V\u00e4lkommen till Caesars i S\u00f6dert\u00e4lje! Njut av italienska och amerikanska r\u00e4tter. Utforska v\u00e5r \u00e0 la carte-meny och dryckesmeny.","twitter_image":"https:\/\/caesars.nu\/wp-content\/uploads\/2024\/07\/Caesars.png","twitter_misc":{"Estimated reading time":"2 minutes"},"schema":{"@context":"https:\/\/schema.org","@graph":[{"@type":"WebPage","@id":"https:\/\/caesars.nu\/","url":"https:\/\/caesars.nu\/","name":"Hem - Caesar&#039;s American &amp; Italian Kitchen","isPartOf":{"@id":"https:\/\/caesars.nu\/#website"},"primaryImageOfPage":{"@id":"https:\/\/caesars.nu\/#primaryimage"},"image":{"@id":"https:\/\/caesars.nu\/#primaryimage"},"thumbnailUrl":"https:\/\/caesars.nu\/wp-content\/uploads\/2024\/07\/Caesars.png","datePublished":"2021-10-15T22:21:43+00:00","dateModified":"2025-10-12T15:18:25+00:00","description":"V\u00e4lkommen till Caesars i S\u00f6dert\u00e4lje! Njut av italienska och amerikanska r\u00e4tter. Utforska v\u00e5r \u00e0 la carte-meny och dryckesmeny.","breadcrumb":{"@id":"https:\/\/caesars.nu\/#breadcrumb"},"inLanguage":"en-GB","potentialAction":[{"@type":"ReadAction","target":["https:\/\/caesars.nu\/"]}]},{"@type":"ImageObject","inLanguage":"en-GB","@id":"https:\/\/caesars.nu\/#primaryimage","url":"https:\/\/caesars.nu\/wp-content\/uploads\/2024\/07\/Caesars.png","contentUrl":"https:\/\/caesars.nu\/wp-content\/uploads\/2024\/07\/Caesars.png","width":350,"height":208,"caption":"Caesars Social"},{"@type":"BreadcrumbList","@id":"https:\/\/caesars.nu\/#breadcrumb","itemListElement":[{"@type":"ListItem","position":1,"name":"Hem","item":"https:\/\/caesars.nu\/"},{"@type":"ListItem","position":2,"name":"Hem"}]},{"@type":"WebSite","@id":"https:\/\/caesars.nu\/#website","url":"https:\/\/caesars.nu\/","name":"Caesar&#039;s American &amp; Italian Kitchen","description":"Mat som passar hela familjen","potentialAction":[{"@type":"SearchAction","target":{"@type":"EntryPoint","urlTemplate":"https:\/\/caesars.nu\/?s={search_term_string}"},"query-input":{"@type":"PropertyValueSpecification","valueRequired":true,"valueName":"search_term_string"}}],"inLanguage":"en-GB"}]}},"_links":{"self":[{"href":"https:\/\/caesars.nu\/en\/wp-json\/wp\/v2\/pages\/8720","targetHints":{"allow":["GET"]}}],"collection":[{"href":"https:\/\/caesars.nu\/en\/wp-json\/wp\/v2\/pages"}],"about":[{"href":"https:\/\/caesars.nu\/en\/wp-json\/wp\/v2\/types\/page"}],"author":[{"embeddable":true,"href":"https:\/\/caesars.nu\/en\/wp-json\/wp\/v2\/users\/1"}],"replies":[{"embeddable":true,"href":"https:\/\/caesars.nu\/en\/wp-json\/wp\/v2\/comments?post=8720"}],"version-history":[{"count":201,"href":"https:\/\/caesars.nu\/en\/wp-json\/wp\/v2\/pages\/8720\/revisions"}],"predecessor-version":[{"id":27440,"href":"https:\/\/caesars.nu\/en\/wp-json\/wp\/v2\/pages\/8720\/revisions\/27440"}],"wp:featuredmedia":[{"embeddable":true,"href":"https:\/\/caesars.nu\/en\/wp-json\/wp\/v2\/media\/21529"}],"wp:attachment":[{"href":"https:\/\/caesars.nu\/en\/wp-json\/wp\/v2\/media?parent=8720"}],"curies":[{"name":"wp","href":"https:\/\/api.w.org\/{rel}","templated":true}]}}